{"id":7128,"date":"2025-01-14T17:46:28","date_gmt":"2025-01-14T16:46:28","guid":{"rendered":"https:\/\/discoversoller.com\/restaurantes\/"},"modified":"2026-01-19T18:57:37","modified_gmt":"2026-01-19T17:57:37","slug":"restaurantes","status":"publish","type":"page","link":"https:\/\/discoversoller.com\/es\/restaurantes\/","title":{"rendered":"Restaurantes"},"content":{"rendered":"\t\t<div data-elementor-type=\"wp-page\" data-elementor-id=\"7128\" class=\"elementor elementor-7128 elementor-7117\" data-elementor-post-type=\"page\">\n\t\t\t\t<div class=\"elementor-element elementor-element-ffbd358 e-con-full e-flex wpr-particle-no wpr-jarallax-no wpr-parallax-no wpr-sticky-section-no e-con e-parent\" data-id=\"ffbd358\" data-element_type=\"container\" data-e-type=\"container\">\n\t\t\t\t<div class=\"elementor-element elementor-element-d528b39 elementor-widget elementor-widget-heading\" data-id=\"d528b39\" data-element_type=\"widget\" data-e-type=\"widget\" data-widget_type=\"heading.default\">\n\t\t\t\t<div class=\"elementor-widget-container\">\n\t\t\t\t\t<h1 class=\"elementor-heading-title elementor-size-default\">RESTAURANTES EN MALLORCA<\/h1>\t\t\t\t<\/div>\n\t\t\t\t<\/div>\n\t\t\t\t<\/div>\n\t\t<div class=\"elementor-element elementor-element-7ed9918 e-flex e-con-boxed wpr-particle-no wpr-jarallax-no wpr-parallax-no wpr-sticky-section-no e-con e-parent\" data-id=\"7ed9918\" data-element_type=\"container\" data-e-type=\"container\">\n\t\t\t\t\t<div class=\"e-con-inner\">\n\t\t\t\t<div class=\"elementor-element elementor-element-01247fc elementor-widget elementor-widget-text-editor\" data-id=\"01247fc\" data-element_type=\"widget\" data-e-type=\"widget\" data-widget_type=\"text-editor.default\">\n\t\t\t\t<div class=\"elementor-widget-container\">\n\t\t\t\t\t\t\t\t\t<p>Descubre los mejores lugares para comer en Mallorca con Descubre S\u00f3ller.<\/p><p>Desde encantadores rincones costeros hasta la cocina tradicional mallorquina, explore los mejores restaurantes para vivir una experiencia gastron\u00f3mica inolvidable.<\/p>\t\t\t\t\t\t\t\t<\/div>\n\t\t\t\t<\/div>\n\t\t\t\t\t<\/div>\n\t\t\t\t<\/div>\n\t\t<div class=\"elementor-element elementor-element-667889f e-con-full e-flex wpr-particle-no wpr-jarallax-no wpr-parallax-no wpr-sticky-section-no e-con e-parent\" data-id=\"667889f\" data-element_type=\"container\" data-e-type=\"container\">\n\t\t<div class=\"elementor-element elementor-element-3b73d2b e-con-full e-flex wpr-particle-no wpr-jarallax-no wpr-parallax-no wpr-sticky-section-no e-con e-child\" data-id=\"3b73d2b\" data-element_type=\"container\" data-e-type=\"container\">\n\t\t\t\t<div class=\"elementor-element elementor-element-3d1b598 elementor-posts--align-center elementor-grid-3 elementor-grid-tablet-2 elementor-grid-mobile-1 elementor-posts--thumbnail-top elementor-card-shadow-yes elementor-posts__hover-gradient elementor-widget elementor-widget-posts\" data-id=\"3d1b598\" data-element_type=\"widget\" data-e-type=\"widget\" data-settings=\"{&quot;cards_row_gap&quot;:{&quot;unit&quot;:&quot;px&quot;,&quot;size&quot;:19,&quot;sizes&quot;:[]},&quot;cards_columns&quot;:&quot;3&quot;,&quot;cards_columns_tablet&quot;:&quot;2&quot;,&quot;cards_columns_mobile&quot;:&quot;1&quot;,&quot;cards_row_gap_tablet&quot;:{&quot;unit&quot;:&quot;px&quot;,&quot;size&quot;:&quot;&quot;,&quot;sizes&quot;:[]},&quot;cards_row_gap_mobile&quot;:{&quot;unit&quot;:&quot;px&quot;,&quot;size&quot;:&quot;&quot;,&quot;sizes&quot;:[]}}\" data-widget_type=\"posts.cards\">\n\t\t\t\t<div class=\"elementor-widget-container\">\n\t\t\t\t\t\t\t<div class=\"elementor-posts-container elementor-posts elementor-posts--skin-cards elementor-grid\" role=\"list\">\n\t\t\t\t<article class=\"elementor-post elementor-grid-item post-10768 post type-post status-publish format-standard has-post-thumbnail hentry category-gastronomia\" role=\"listitem\">\n\t\t\t<div class=\"elementor-post__card\">\n\t\t\t\t<a class=\"elementor-post__thumbnail__link\" href=\"https:\/\/discoversoller.com\/es\/los-20-restaurantes-de-palma-que-hay-que-probar-en-2025\/\" tabindex=\"-1\" ><div class=\"elementor-post__thumbnail\"><img fetchpriority=\"high\" decoding=\"async\" width=\"680\" height=\"453\" src=\"https:\/\/discoversoller.com\/wp-content\/uploads\/2025\/03\/Origen-Palma.jpg\" class=\"attachment-large size-large wp-image-10677\" alt=\"Origen in Palma, a tapas restaurant blending traditional Spanish flavors with a creative, modern twist.\" srcset=\"https:\/\/discoversoller.com\/wp-content\/uploads\/2025\/03\/Origen-Palma.jpg 680w, https:\/\/discoversoller.com\/wp-content\/uploads\/2025\/03\/Origen-Palma-300x200.jpg 300w, https:\/\/discoversoller.com\/wp-content\/uploads\/2025\/03\/Origen-Palma-600x400.jpg 600w, https:\/\/discoversoller.com\/wp-content\/uploads\/2025\/03\/Origen-Palma-227x152.jpg 227w, https:\/\/discoversoller.com\/wp-content\/uploads\/2025\/03\/Origen-Palma-143x96.jpg 143w, https:\/\/discoversoller.com\/wp-content\/uploads\/2025\/03\/Origen-Palma-585x390.jpg 585w, https:\/\/discoversoller.com\/wp-content\/uploads\/2025\/03\/Origen-Palma-385x257.jpg 385w\" sizes=\"(max-width: 680px) 100vw, 680px\" \/><\/div><\/a>\n\t\t\t\t<div class=\"elementor-post__text\">\n\t\t\t\t<h3 class=\"elementor-post__title\">\n\t\t\t<a href=\"https:\/\/discoversoller.com\/es\/los-20-restaurantes-de-palma-que-hay-que-probar-en-2025\/\" >\n\t\t\t\tLos 20 restaurantes de Palma que hay que probar en 2025\t\t\t<\/a>\n\t\t<\/h3>\n\t\t\n\t\t<a class=\"elementor-post__read-more\" href=\"https:\/\/discoversoller.com\/es\/los-20-restaurantes-de-palma-que-hay-que-probar-en-2025\/\" aria-label=\"M\u00e1s informaci\u00f3n sobre Los 20 restaurantes de Palma que hay que probar en 2025\" tabindex=\"-1\" >\n\t\t\tLeer m\u00e1s \u00bb\t\t<\/a>\n\n\t\t\t\t<\/div>\n\t\t\t\t\t<\/div>\n\t\t<\/article>\n\t\t\t\t<article class=\"elementor-post elementor-grid-item post-7373 post type-post status-publish format-standard has-post-thumbnail hentry category-gastronomia\" role=\"listitem\">\n\t\t\t<div class=\"elementor-post__card\">\n\t\t\t\t<a class=\"elementor-post__thumbnail__link\" href=\"https:\/\/discoversoller.com\/es\/restaurantes-en-valldemossa\/\" tabindex=\"-1\" ><div class=\"elementor-post__thumbnail\"><img decoding=\"async\" width=\"900\" height=\"500\" src=\"https:\/\/discoversoller.com\/wp-content\/uploads\/2025\/01\/our-pamboli.jpg\" class=\"attachment-large size-large wp-image-7226\" alt=\"Charcuterie board at Es Taller restaurant in Valldemossa, featuring a selection of premium cured meats and accompaniments, beautifully presented with Mediterranean flair.\" srcset=\"https:\/\/discoversoller.com\/wp-content\/uploads\/2025\/01\/our-pamboli.jpg 900w, https:\/\/discoversoller.com\/wp-content\/uploads\/2025\/01\/our-pamboli-300x167.jpg 300w, https:\/\/discoversoller.com\/wp-content\/uploads\/2025\/01\/our-pamboli-768x427.jpg 768w, https:\/\/discoversoller.com\/wp-content\/uploads\/2025\/01\/our-pamboli-600x333.jpg 600w, https:\/\/discoversoller.com\/wp-content\/uploads\/2025\/01\/our-pamboli-800x444.jpg 800w\" sizes=\"(max-width: 900px) 100vw, 900px\" \/><\/div><\/a>\n\t\t\t\t<div class=\"elementor-post__text\">\n\t\t\t\t<h3 class=\"elementor-post__title\">\n\t\t\t<a href=\"https:\/\/discoversoller.com\/es\/restaurantes-en-valldemossa\/\" >\n\t\t\t\tRestaurantes en Valldemossa\t\t\t<\/a>\n\t\t<\/h3>\n\t\t\n\t\t<a class=\"elementor-post__read-more\" href=\"https:\/\/discoversoller.com\/es\/restaurantes-en-valldemossa\/\" aria-label=\"M\u00e1s informaci\u00f3n sobre Restaurantes en Valldemossa\" tabindex=\"-1\" >\n\t\t\tLeer m\u00e1s \u00bb\t\t<\/a>\n\n\t\t\t\t<\/div>\n\t\t\t\t\t<\/div>\n\t\t<\/article>\n\t\t\t\t<article class=\"elementor-post elementor-grid-item post-7371 post type-post status-publish format-standard has-post-thumbnail hentry category-gastronomia\" role=\"listitem\">\n\t\t\t<div class=\"elementor-post__card\">\n\t\t\t\t<a class=\"elementor-post__thumbnail__link\" href=\"https:\/\/discoversoller.com\/es\/restaurantes-en-port-de-soller\/\" tabindex=\"-1\" ><div class=\"elementor-post__thumbnail\"><img decoding=\"async\" width=\"819\" height=\"1024\" src=\"https:\/\/discoversoller.com\/wp-content\/uploads\/2025\/01\/Las-Olas-paella-819x1024.jpg\" class=\"attachment-large size-large wp-image-6828\" alt=\"Traditional paella served at Las Olas restaurant, combining fresh ingredients with authentic Mediterranean flavors.\" srcset=\"https:\/\/discoversoller.com\/wp-content\/uploads\/2025\/01\/Las-Olas-paella-819x1024.jpg 819w, https:\/\/discoversoller.com\/wp-content\/uploads\/2025\/01\/Las-Olas-paella-240x300.jpg 240w, https:\/\/discoversoller.com\/wp-content\/uploads\/2025\/01\/Las-Olas-paella-768x960.jpg 768w, https:\/\/discoversoller.com\/wp-content\/uploads\/2025\/01\/Las-Olas-paella-1229x1536.jpg 1229w, https:\/\/discoversoller.com\/wp-content\/uploads\/2025\/01\/Las-Olas-paella-600x750.jpg 600w, https:\/\/discoversoller.com\/wp-content\/uploads\/2025\/01\/Las-Olas-paella-800x1000.jpg 800w, https:\/\/discoversoller.com\/wp-content\/uploads\/2025\/01\/Las-Olas-paella.jpg 1440w\" sizes=\"(max-width: 819px) 100vw, 819px\" \/><\/div><\/a>\n\t\t\t\t<div class=\"elementor-post__text\">\n\t\t\t\t<h3 class=\"elementor-post__title\">\n\t\t\t<a href=\"https:\/\/discoversoller.com\/es\/restaurantes-en-port-de-soller\/\" >\n\t\t\t\tRestaurantes en Port de S\u00f3ller\t\t\t<\/a>\n\t\t<\/h3>\n\t\t\n\t\t<a class=\"elementor-post__read-more\" href=\"https:\/\/discoversoller.com\/es\/restaurantes-en-port-de-soller\/\" aria-label=\"M\u00e1s informaci\u00f3n sobre Restaurantes en Port de S\u00f3ller\" tabindex=\"-1\" >\n\t\t\tLeer m\u00e1s \u00bb\t\t<\/a>\n\n\t\t\t\t<\/div>\n\t\t\t\t\t<\/div>\n\t\t<\/article>\n\t\t\t\t<article class=\"elementor-post elementor-grid-item post-7369 post type-post status-publish format-standard has-post-thumbnail hentry category-gastronomia\" role=\"listitem\">\n\t\t\t<div class=\"elementor-post__card\">\n\t\t\t\t<a class=\"elementor-post__thumbnail__link\" href=\"https:\/\/discoversoller.com\/es\/restaurantes-en-deia\/\" tabindex=\"-1\" ><div class=\"elementor-post__thumbnail\"><img loading=\"lazy\" decoding=\"async\" width=\"900\" height=\"500\" src=\"https:\/\/discoversoller.com\/wp-content\/uploads\/2025\/01\/el-olivo.jpg\" class=\"attachment-large size-large wp-image-6819\" alt=\"Scenic terrace at El Olivo restaurant, offering stunning views and a charming dining experience in Mallorca.\" srcset=\"https:\/\/discoversoller.com\/wp-content\/uploads\/2025\/01\/el-olivo.jpg 900w, https:\/\/discoversoller.com\/wp-content\/uploads\/2025\/01\/el-olivo-300x167.jpg 300w, https:\/\/discoversoller.com\/wp-content\/uploads\/2025\/01\/el-olivo-768x427.jpg 768w, https:\/\/discoversoller.com\/wp-content\/uploads\/2025\/01\/el-olivo-600x333.jpg 600w, https:\/\/discoversoller.com\/wp-content\/uploads\/2025\/01\/el-olivo-800x444.jpg 800w\" sizes=\"(max-width: 900px) 100vw, 900px\" \/><\/div><\/a>\n\t\t\t\t<div class=\"elementor-post__text\">\n\t\t\t\t<h3 class=\"elementor-post__title\">\n\t\t\t<a href=\"https:\/\/discoversoller.com\/es\/restaurantes-en-deia\/\" >\n\t\t\t\tRestaurantes en Dei\u00e0\t\t\t<\/a>\n\t\t<\/h3>\n\t\t\n\t\t<a class=\"elementor-post__read-more\" href=\"https:\/\/discoversoller.com\/es\/restaurantes-en-deia\/\" aria-label=\"M\u00e1s informaci\u00f3n sobre Restaurantes en Dei\u00e0\" tabindex=\"-1\" >\n\t\t\tLeer m\u00e1s \u00bb\t\t<\/a>\n\n\t\t\t\t<\/div>\n\t\t\t\t\t<\/div>\n\t\t<\/article>\n\t\t\t\t<article class=\"elementor-post elementor-grid-item post-7854 post type-post status-publish format-standard has-post-thumbnail hentry category-gastronomia\" role=\"listitem\">\n\t\t\t<div class=\"elementor-post__card\">\n\t\t\t\t<a class=\"elementor-post__thumbnail__link\" href=\"https:\/\/discoversoller.com\/es\/restaurantes-en-soller\/\" tabindex=\"-1\" ><div class=\"elementor-post__thumbnail\"><img loading=\"lazy\" decoding=\"async\" width=\"1024\" height=\"889\" src=\"https:\/\/discoversoller.com\/wp-content\/uploads\/2024\/12\/IMG_0591-1024x889.jpg\" class=\"attachment-large size-large wp-image-6084\" alt=\"Rafael Private Chef: specialized in high-end gastronomy, bringing exquisite flavors to your table with elegance.\" srcset=\"https:\/\/discoversoller.com\/wp-content\/uploads\/2024\/12\/IMG_0591-1024x889.jpg 1024w, https:\/\/discoversoller.com\/wp-content\/uploads\/2024\/12\/IMG_0591-300x261.jpg 300w, https:\/\/discoversoller.com\/wp-content\/uploads\/2024\/12\/IMG_0591-768x667.jpg 768w, https:\/\/discoversoller.com\/wp-content\/uploads\/2024\/12\/IMG_0591-600x521.jpg 600w, https:\/\/discoversoller.com\/wp-content\/uploads\/2024\/12\/IMG_0591-800x695.jpg 800w, https:\/\/discoversoller.com\/wp-content\/uploads\/2024\/12\/IMG_0591.jpg 1170w\" sizes=\"(max-width: 1024px) 100vw, 1024px\" \/><\/div><\/a>\n\t\t\t\t<div class=\"elementor-post__text\">\n\t\t\t\t<h3 class=\"elementor-post__title\">\n\t\t\t<a href=\"https:\/\/discoversoller.com\/es\/restaurantes-en-soller\/\" >\n\t\t\t\tRestaurantes en S\u00f3ller\t\t\t<\/a>\n\t\t<\/h3>\n\t\t\n\t\t<a class=\"elementor-post__read-more\" href=\"https:\/\/discoversoller.com\/es\/restaurantes-en-soller\/\" aria-label=\"M\u00e1s informaci\u00f3n sobre Restaurantes en S\u00f3ller\" tabindex=\"-1\" >\n\t\t\tLeer m\u00e1s \u00bb\t\t<\/a>\n\n\t\t\t\t<\/div>\n\t\t\t\t\t<\/div>\n\t\t<\/article>\n\t\t\t\t<\/div>\n\t\t\n\t\t\t\t\t\t<\/div>\n\t\t\t\t<\/div>\n\t\t\t\t<\/div>\n\t\t<div class=\"elementor-element elementor-element-4494fc3 e-con-full e-flex wpr-particle-no wpr-jarallax-no wpr-parallax-no wpr-sticky-section-no e-con e-child\" data-id=\"4494fc3\" data-element_type=\"container\" data-e-type=\"container\">\n\t\t\t\t<div class=\"elementor-element elementor-element-b7b2b3d elementor-grid-1 elementor-posts--align-center elementor-grid-tablet-1 elementor-grid-mobile-1 elementor-posts--thumbnail-top elementor-card-shadow-yes elementor-posts__hover-gradient elementor-widget elementor-widget-posts\" data-id=\"b7b2b3d\" data-element_type=\"widget\" data-e-type=\"widget\" data-settings=\"{&quot;cards_columns&quot;:&quot;1&quot;,&quot;cards_row_gap&quot;:{&quot;unit&quot;:&quot;px&quot;,&quot;size&quot;:19,&quot;sizes&quot;:[]},&quot;cards_columns_tablet&quot;:&quot;1&quot;,&quot;cards_columns_mobile&quot;:&quot;1&quot;,&quot;cards_row_gap_tablet&quot;:{&quot;unit&quot;:&quot;px&quot;,&quot;size&quot;:&quot;&quot;,&quot;sizes&quot;:[]},&quot;cards_row_gap_mobile&quot;:{&quot;unit&quot;:&quot;px&quot;,&quot;size&quot;:&quot;&quot;,&quot;sizes&quot;:[]}}\" data-widget_type=\"posts.cards\">\n\t\t\t\t<div class=\"elementor-widget-container\">\n\t\t\t\t\t\t\t<div class=\"elementor-posts-container elementor-posts elementor-posts--skin-cards elementor-grid\" role=\"list\">\n\t\t\t\t<article class=\"elementor-post elementor-grid-item post-11486 post type-post status-publish format-standard has-post-thumbnail hentry category-gastronomia\" role=\"listitem\">\n\t\t\t<div class=\"elementor-post__card\">\n\t\t\t\t<a class=\"elementor-post__thumbnail__link\" href=\"https:\/\/discoversoller.com\/es\/restaurantes-con-estrella-michelin-en-mallorca\/\" tabindex=\"-1\" ><div class=\"elementor-post__thumbnail\"><img loading=\"lazy\" decoding=\"async\" width=\"1024\" height=\"576\" src=\"https:\/\/discoversoller.com\/wp-content\/uploads\/2025\/01\/321676586_3425166297721208_8685253765085325969_n-1024x576.jpg\" class=\"attachment-large size-large wp-image-6981\" alt=\"Santi Taura in action, showcasing his culinary expertise and passion for Mallorcan gastronomy\" srcset=\"https:\/\/discoversoller.com\/wp-content\/uploads\/2025\/01\/321676586_3425166297721208_8685253765085325969_n-1024x576.jpg 1024w, https:\/\/discoversoller.com\/wp-content\/uploads\/2025\/01\/321676586_3425166297721208_8685253765085325969_n-300x169.jpg 300w, https:\/\/discoversoller.com\/wp-content\/uploads\/2025\/01\/321676586_3425166297721208_8685253765085325969_n-768x432.jpg 768w, https:\/\/discoversoller.com\/wp-content\/uploads\/2025\/01\/321676586_3425166297721208_8685253765085325969_n-1536x864.jpg 1536w, https:\/\/discoversoller.com\/wp-content\/uploads\/2025\/01\/321676586_3425166297721208_8685253765085325969_n-600x338.jpg 600w, https:\/\/discoversoller.com\/wp-content\/uploads\/2025\/01\/321676586_3425166297721208_8685253765085325969_n-800x450.jpg 800w, https:\/\/discoversoller.com\/wp-content\/uploads\/2025\/01\/321676586_3425166297721208_8685253765085325969_n-1200x675.jpg 1200w, https:\/\/discoversoller.com\/wp-content\/uploads\/2025\/01\/321676586_3425166297721208_8685253765085325969_n-585x330.jpg 585w, https:\/\/discoversoller.com\/wp-content\/uploads\/2025\/01\/321676586_3425166297721208_8685253765085325969_n-385x217.jpg 385w, https:\/\/discoversoller.com\/wp-content\/uploads\/2025\/01\/321676586_3425166297721208_8685253765085325969_n-380x214.jpg 380w, https:\/\/discoversoller.com\/wp-content\/uploads\/2025\/01\/321676586_3425166297721208_8685253765085325969_n-247x139.jpg 247w, https:\/\/discoversoller.com\/wp-content\/uploads\/2025\/01\/321676586_3425166297721208_8685253765085325969_n-278x157.jpg 278w, https:\/\/discoversoller.com\/wp-content\/uploads\/2025\/01\/321676586_3425166297721208_8685253765085325969_n-178x101.jpg 178w, https:\/\/discoversoller.com\/wp-content\/uploads\/2025\/01\/321676586_3425166297721208_8685253765085325969_n.jpg 1600w\" sizes=\"(max-width: 1024px) 100vw, 1024px\" \/><\/div><\/a>\n\t\t\t\t<div class=\"elementor-post__text\">\n\t\t\t\t<h3 class=\"elementor-post__title\">\n\t\t\t<a href=\"https:\/\/discoversoller.com\/es\/restaurantes-con-estrella-michelin-en-mallorca\/\" >\n\t\t\t\tRestaurantes con estrellas Michelin en Mallorca en 2026\t\t\t<\/a>\n\t\t<\/h3>\n\t\t\n\t\t<a class=\"elementor-post__read-more\" href=\"https:\/\/discoversoller.com\/es\/restaurantes-con-estrella-michelin-en-mallorca\/\" aria-label=\"M\u00e1s informaci\u00f3n sobre Restaurantes con estrellas Michelin en Mallorca en 2026\" tabindex=\"-1\" >\n\t\t\tLeer m\u00e1s \u00bb\t\t<\/a>\n\n\t\t\t\t<\/div>\n\t\t\t\t\t<\/div>\n\t\t<\/article>\n\t\t\t\t<\/div>\n\t\t\n\t\t\t\t\t\t<\/div>\n\t\t\t\t<\/div>\n\t\t\t\t<\/div>\n\t\t\t\t<\/div>\n\t\t\t\t<\/div>\n\t\t","protected":false},"excerpt":{"rendered":"<p>RESTAURANTES EN MALLORCA Descubre los mejores lugares para comer en Mallorca con Descubre S\u00f3ller. Desde encantadores rincones costeros hasta la cocina tradicional mallorquina, explore los mejores restaurantes para vivir una experiencia gastron\u00f3mica inolvidable.<\/p>\n","protected":false},"author":1,"featured_media":6981,"parent":0,"menu_order":0,"comment_status":"closed","ping_status":"closed","template":"elementor_header_footer","meta":{"_monsterinsights_skip_tracking":false,"_monsterinsights_sitenote_active":false,"_monsterinsights_sitenote_note":"","_monsterinsights_sitenote_category":0,"footnotes":""},"class_list":["post-7128","page","type-page","status-publish","has-post-thumbnail","hentry"],"aioseo_notices":[],"_links":{"self":[{"href":"https:\/\/discoversoller.com\/es\/wp-json\/wp\/v2\/pages\/7128","targetHints":{"allow":["GET"]}}],"collection":[{"href":"https:\/\/discoversoller.com\/es\/wp-json\/wp\/v2\/pages"}],"about":[{"href":"https:\/\/discoversoller.com\/es\/wp-json\/wp\/v2\/types\/page"}],"author":[{"embeddable":true,"href":"https:\/\/discoversoller.com\/es\/wp-json\/wp\/v2\/users\/1"}],"replies":[{"embeddable":true,"href":"https:\/\/discoversoller.com\/es\/wp-json\/wp\/v2\/comments?post=7128"}],"version-history":[{"count":9,"href":"https:\/\/discoversoller.com\/es\/wp-json\/wp\/v2\/pages\/7128\/revisions"}],"predecessor-version":[{"id":16062,"href":"https:\/\/discoversoller.com\/es\/wp-json\/wp\/v2\/pages\/7128\/revisions\/16062"}],"wp:featuredmedia":[{"embeddable":true,"href":"https:\/\/discoversoller.com\/es\/wp-json\/wp\/v2\/media\/6981"}],"wp:attachment":[{"href":"https:\/\/discoversoller.com\/es\/wp-json\/wp\/v2\/media?parent=7128"}],"curies":[{"name":"wp","href":"https:\/\/api.w.org\/{rel}","templated":true}]}}