{"id":5923,"date":"2024-06-15T09:49:00","date_gmt":"2024-06-15T07:49:00","guid":{"rendered":"https:\/\/discoversoller.com\/servicio-de-canguro\/"},"modified":"2024-12-12T10:55:52","modified_gmt":"2024-12-12T09:55:52","slug":"servicio-de-canguro","status":"publish","type":"page","link":"https:\/\/discoversoller.com\/es\/servicio-de-canguro\/","title":{"rendered":"Servicio de canguro"},"content":{"rendered":"\t\t<div data-elementor-type=\"wp-page\" data-elementor-id=\"5923\" class=\"elementor elementor-5923\" data-elementor-post-type=\"page\">\n\t\t\t\t\t\t<section class=\"elementor-section elementor-top-section elementor-element elementor-element-1438bc5 elementor-section-boxed elementor-section-height-default elementor-section-height-default wpr-particle-no wpr-jarallax-no wpr-parallax-no wpr-sticky-section-no wpr-equal-height-no\" data-id=\"1438bc5\" data-element_type=\"section\" data-e-type=\"section\">\n\t\t\t\t\t\t<div class=\"elementor-container elementor-column-gap-default\">\n\t\t\t\t\t<div class=\"elementor-column elementor-col-100 elementor-top-column elementor-element elementor-element-61972e8\" data-id=\"61972e8\" data-element_type=\"column\" data-e-type=\"column\">\n\t\t\t<div class=\"elementor-widget-wrap elementor-element-populated\">\n\t\t\t\t\t\t<div class=\"elementor-element elementor-element-513e115 elementor-widget elementor-widget-heading\" data-id=\"513e115\" data-element_type=\"widget\" data-e-type=\"widget\" data-widget_type=\"heading.default\">\n\t\t\t\t<div class=\"elementor-widget-container\">\n\t\t\t\t\t<h2 class=\"elementor-heading-title elementor-size-default\">Ni\u00f1era con experiencia<\/h2>\t\t\t\t<\/div>\n\t\t\t\t<\/div>\n\t\t\t\t<div class=\"elementor-element elementor-element-4b08509 elementor-widget elementor-widget-text-editor\" data-id=\"4b08509\" data-element_type=\"widget\" data-e-type=\"widget\" data-widget_type=\"text-editor.default\">\n\t\t\t\t<div class=\"elementor-widget-container\">\n\t\t\t\t\t\t\t\t\t<p>Tus peque\u00f1os en buenas manos<\/p>\n\t\t\t\t\t\t\t\t<\/div>\n\t\t\t\t<\/div>\n\t\t\t\t\t<\/div>\n\t\t<\/div>\n\t\t\t\t\t<\/div>\n\t\t<\/section>\n\t\t\t\t<section class=\"elementor-section elementor-top-section elementor-element elementor-element-d5feb3c elementor-section-full_width elementor-section-height-default elementor-section-height-default wpr-particle-no wpr-jarallax-no wpr-parallax-no wpr-sticky-section-no wpr-equal-height-no\" data-id=\"d5feb3c\" data-element_type=\"section\" data-e-type=\"section\">\n\t\t\t\t\t\t<div class=\"elementor-container elementor-column-gap-default\">\n\t\t\t\t\t<div class=\"elementor-column elementor-col-50 elementor-top-column elementor-element elementor-element-e85c0f4\" data-id=\"e85c0f4\" data-element_type=\"column\" data-e-type=\"column\">\n\t\t\t<div class=\"elementor-widget-wrap elementor-element-populated\">\n\t\t\t\t\t\t<div class=\"elementor-element elementor-element-3eb864a elementor-widget elementor-widget-image\" data-id=\"3eb864a\" data-element_type=\"widget\" data-e-type=\"widget\" data-widget_type=\"image.default\">\n\t\t\t\t<div class=\"elementor-widget-container\">\n\t\t\t\t\t\t\t\t\t\t\t\t\t\t\t<img fetchpriority=\"high\" decoding=\"async\" width=\"1024\" height=\"576\" src=\"https:\/\/discoversoller.com\/wp-content\/uploads\/2024\/06\/babysitting-1024x576.jpg\" class=\"attachment-large size-large wp-image-4455\" alt=\"A photo depicting a babysitting moment, showing a caregiver attentively interacting with a child, highlighting care, trust, and nurturing in a family setting.\" srcset=\"https:\/\/discoversoller.com\/wp-content\/uploads\/2024\/06\/babysitting-1024x576.jpg 1024w, https:\/\/discoversoller.com\/wp-content\/uploads\/2024\/06\/babysitting-scaled-600x338.jpg 600w, https:\/\/discoversoller.com\/wp-content\/uploads\/2024\/06\/babysitting-300x169.jpg 300w, https:\/\/discoversoller.com\/wp-content\/uploads\/2024\/06\/babysitting-768x432.jpg 768w, https:\/\/discoversoller.com\/wp-content\/uploads\/2024\/06\/babysitting-1536x864.jpg 1536w, https:\/\/discoversoller.com\/wp-content\/uploads\/2024\/06\/babysitting-2048x1152.jpg 2048w\" sizes=\"(max-width: 1024px) 100vw, 1024px\" \/>\t\t\t\t\t\t\t\t\t\t\t\t\t\t\t<\/div>\n\t\t\t\t<\/div>\n\t\t\t\t\t<\/div>\n\t\t<\/div>\n\t\t\t\t<div class=\"elementor-column elementor-col-50 elementor-top-column elementor-element elementor-element-823436d\" data-id=\"823436d\" data-element_type=\"column\" data-e-type=\"column\">\n\t\t\t<div class=\"elementor-widget-wrap elementor-element-populated\">\n\t\t\t\t\t\t<div class=\"elementor-element elementor-element-cd7e4be elementor-widget elementor-widget-text-editor\" data-id=\"cd7e4be\" data-element_type=\"widget\" data-e-type=\"widget\" data-widget_type=\"text-editor.default\">\n\t\t\t\t<div class=\"elementor-widget-container\">\n\t\t\t\t\t\t\t\t\t<p>Disfruta al m\u00e1ximo de tus vacaciones sabiendo que tus peque\u00f1os est\u00e1n en manos seguras y cuidadosas. Descubre S\u00f3ller trabaja con <span style=\"text-decoration: underline;\">canguros experimentadas<\/span> dise\u00f1adas para proporcionarte la tranquilidad que necesitas para relajarte y explorar, mientras te aseguras de que tus hijos est\u00e1n felices y bien atendidos. <\/p>\n<p><strong>\u00bfPor qu\u00e9 elegir Discover S\u00f3ller como canguro?<\/strong><\/p>\n<ul>\n<li><strong>Ni\u00f1eras experimentadas y de confianza:<\/strong> Nuestras canguros est\u00e1n altamente cualificadas, sus antecedentes han sido comprobados y les apasiona trabajar con ni\u00f1os. Con<span style=\"text-decoration: underline;\">experiencia en hoteles<\/span>, aportan un toque cari\u00f1oso para que tus hijos est\u00e9n entretenidos y seguros. <\/li>\n<li><strong>Horarios flexibles:<\/strong> Tanto si necesitas<span style=\"text-decoration: underline;\">unas horas durante el d\u00eda, una salida nocturna o cobertura durante todo el d\u00eda<\/span>, ofrecemos servicios de canguro flexibles que se adaptan a tus horarios y necesidades.<\/li>\n<li><strong>Comodidad y facilidad:<\/strong> Reservar nuestro servicio de canguro es sencillo y sin complicaciones. S\u00f3lo tienes que indicarnos tus necesidades y te buscaremos la canguro perfecta para tu familia. <\/li>\n<\/ul>\n\t\t\t\t\t\t\t\t<\/div>\n\t\t\t\t<\/div>\n\t\t\t\t<div class=\"elementor-element elementor-element-325aa58 elementor-align-center elementor-widget elementor-widget-button\" data-id=\"325aa58\" data-element_type=\"widget\" data-e-type=\"widget\" data-widget_type=\"button.default\">\n\t\t\t\t<div class=\"elementor-widget-container\">\n\t\t\t\t\t\t\t\t\t<div class=\"elementor-button-wrapper\">\n\t\t\t\t\t<a class=\"elementor-button elementor-button-link elementor-size-sm\" href=\"https:\/\/discoversoller.com\/baby-sitting-request\/\" target=\"_blank\">\n\t\t\t\t\t\t<span class=\"elementor-button-content-wrapper\">\n\t\t\t\t\t\t\t\t\t<span class=\"elementor-button-text\">Solicitar una canguro<\/span>\n\t\t\t\t\t<\/span>\n\t\t\t\t\t<\/a>\n\t\t\t\t<\/div>\n\t\t\t\t\t\t\t\t<\/div>\n\t\t\t\t<\/div>\n\t\t\t\t\t<\/div>\n\t\t<\/div>\n\t\t\t\t\t<\/div>\n\t\t<\/section>\n\t\t\t\t<\/div>\n\t\t","protected":false},"excerpt":{"rendered":"<p>Ni\u00f1era con experiencia Tus peque\u00f1os en buenas manos Disfruta al m\u00e1ximo de tus vacaciones sabiendo que tus peque\u00f1os est\u00e1n en manos seguras y cuidadosas. Descubre S\u00f3ller trabaja con canguros experimentadas dise\u00f1adas para proporcionarte la tranquilidad que necesitas para relajarte y explorar, mientras te aseguras de que tus hijos est\u00e1n felices y bien atendidos. \u00bfPor qu\u00e9 elegir Discover S\u00f3ller como canguro? Ni\u00f1eras experimentadas y de confianza: Nuestras canguros est\u00e1n altamente cualificadas, sus antecedentes han sido comprobados y les apasiona trabajar con ni\u00f1os. Conexperiencia en hoteles, aportan un toque cari\u00f1oso para que tus hijos est\u00e9n entretenidos y seguros. Horarios flexibles: Tanto si necesitasunas horas durante el d\u00eda, una salida nocturna o cobertura durante todo el d\u00eda, ofrecemos servicios de canguro flexibles que se adaptan a tus horarios y necesidades. Comodidad y facilidad: Reservar nuestro servicio de canguro es sencillo y sin complicaciones. S\u00f3lo tienes que indicarnos tus necesidades y te buscaremos la canguro perfecta para tu familia. Solicitar una canguro<\/p>\n","protected":false},"author":1,"featured_media":5789,"parent":0,"menu_order":0,"comment_status":"closed","ping_status":"closed","template":"elementor_header_footer","meta":{"_monsterinsights_skip_tracking":false,"_monsterinsights_sitenote_active":false,"_monsterinsights_sitenote_note":"","_monsterinsights_sitenote_category":0,"footnotes":""},"class_list":["post-5923","page","type-page","status-publish","has-post-thumbnail","hentry"],"aioseo_notices":[],"_links":{"self":[{"href":"https:\/\/discoversoller.com\/es\/wp-json\/wp\/v2\/pages\/5923","targetHints":{"allow":["GET"]}}],"collection":[{"href":"https:\/\/discoversoller.com\/es\/wp-json\/wp\/v2\/pages"}],"about":[{"href":"https:\/\/discoversoller.com\/es\/wp-json\/wp\/v2\/types\/page"}],"author":[{"embeddable":true,"href":"https:\/\/discoversoller.com\/es\/wp-json\/wp\/v2\/users\/1"}],"replies":[{"embeddable":true,"href":"https:\/\/discoversoller.com\/es\/wp-json\/wp\/v2\/comments?post=5923"}],"version-history":[{"count":1,"href":"https:\/\/discoversoller.com\/es\/wp-json\/wp\/v2\/pages\/5923\/revisions"}],"predecessor-version":[{"id":5925,"href":"https:\/\/discoversoller.com\/es\/wp-json\/wp\/v2\/pages\/5923\/revisions\/5925"}],"wp:featuredmedia":[{"embeddable":true,"href":"https:\/\/discoversoller.com\/es\/wp-json\/wp\/v2\/media\/5789"}],"wp:attachment":[{"href":"https:\/\/discoversoller.com\/es\/wp-json\/wp\/v2\/media?parent=5923"}],"curies":[{"name":"wp","href":"https:\/\/api.w.org\/{rel}","templated":true}]}}