{"id":5894,"date":"2024-10-06T19:33:54","date_gmt":"2024-10-06T17:33:54","guid":{"rendered":"https:\/\/discoversoller.com\/guia-gratuita-mallorca\/"},"modified":"2024-12-11T20:01:50","modified_gmt":"2024-12-11T19:01:50","slug":"guia-gratuita-mallorca","status":"publish","type":"page","link":"https:\/\/discoversoller.com\/es\/guia-gratuita-mallorca\/","title":{"rendered":"Gu\u00eda gratuita Mallorca"},"content":{"rendered":"\t\t<div data-elementor-type=\"wp-page\" data-elementor-id=\"5894\" class=\"elementor elementor-5894 elementor-3443\" data-elementor-post-type=\"page\">\n\t\t\t\t<div class=\"elementor-element elementor-element-aaad5b8 e-flex e-con-boxed wpr-particle-no wpr-jarallax-no wpr-parallax-no wpr-sticky-section-no e-con e-parent\" data-id=\"aaad5b8\" data-element_type=\"container\" data-e-type=\"container\">\n\t\t\t\t\t<div class=\"e-con-inner\">\n\t\t\t\t<div class=\"elementor-element elementor-element-5d9a4ce elementor-widget elementor-widget-heading\" data-id=\"5d9a4ce\" data-element_type=\"widget\" data-e-type=\"widget\" data-widget_type=\"heading.default\">\n\t\t\t\t<div class=\"elementor-widget-container\">\n\t\t\t\t\t<h2 class=\"elementor-heading-title elementor-size-default\">OBT\u00c9N TU GU\u00cdA DE DESTIONACI\u00d3N GRATUITA<\/h2>\t\t\t\t<\/div>\n\t\t\t\t<\/div>\n\t\t\t\t<div class=\"elementor-element elementor-element-9b01bc6 elementor-widget elementor-widget-heading\" data-id=\"9b01bc6\" data-element_type=\"widget\" data-e-type=\"widget\" data-widget_type=\"heading.default\">\n\t\t\t\t<div class=\"elementor-widget-container\">\n\t\t\t\t\t<h2 class=\"elementor-heading-title elementor-size-default\">\u00bfC\u00f3mo funciona?<\/h2>\t\t\t\t<\/div>\n\t\t\t\t<\/div>\n\t\t\t\t\t<\/div>\n\t\t\t\t<\/div>\n\t\t<div class=\"elementor-element elementor-element-2ef182a e-flex e-con-boxed wpr-particle-no wpr-jarallax-no wpr-parallax-no wpr-sticky-section-no e-con e-parent\" data-id=\"2ef182a\" data-element_type=\"container\" data-e-type=\"container\">\n\t\t\t\t\t<div class=\"e-con-inner\">\n\t\t\t\t<div class=\"elementor-element elementor-element-ccddc40 elementor-widget elementor-widget-text-editor\" data-id=\"ccddc40\" data-element_type=\"widget\" data-e-type=\"widget\" data-widget_type=\"text-editor.default\">\n\t\t\t\t<div class=\"elementor-widget-container\">\n\t\t\t\t\t\t\t\t\t<p><strong>1 Paso &#8211; <\/strong> Reserva tu hotel a trav\u00e9s de nosotros en cualquier destino promocionado aqu\u00ed. Si tu destino no aparece pero est\u00e1 en Mallorca, <a href=\"https:\/\/discoversoller.com\/es\/contacta-con-nosotros\/\" target=\"_blank\" rel=\"noopener\">\u00a1contacta con nosotros<\/a> y te ayudaremos! Puedes reservar con el <a href=\"https:\/\/discoversoller.com\/es\/ofertas\/\" target=\"_blank\" rel=\"noopener\">c\u00f3digo de descuento<\/a> que tenemos para algunos hoteles o si no, haznos tu <a href=\"https:\/\/forms.zohopublic.eu\/discoversller\/form\/ReservationRequest\/formperma\/eci5gvXBKgvPZKnb9HKxj9nWuFiMweparUeyAc6Gxxc\" target=\"_blank\" rel=\"noopener\">petici\u00f3n de hotel<\/a> favorito.  <\/p>\n<p><strong>2 Paso<\/strong> &#8211; Una vez que tengas tu reserva hecha. Ponte en contacto con nosotros a trav\u00e9s del correo electr\u00f3nico <a href=\"mailto:info@discoversoller.com\" target=\"_blank\" rel=\"noopener\">info@discoversoller.com<\/a> adjuntando la confirmaci\u00f3n de tu reserva y te enviaremos tu gu\u00eda en 24 &#8211; 48 horas. <\/p>\n\t\t\t\t\t\t\t\t<\/div>\n\t\t\t\t<\/div>\n\t\t\t\t\t<\/div>\n\t\t\t\t<\/div>\n\t\t\t\t<\/div>\n\t\t","protected":false},"excerpt":{"rendered":"<p>OBT\u00c9N TU GU\u00cdA DE DESTIONACI\u00d3N GRATUITA \u00bfC\u00f3mo funciona? 1 Paso &#8211; Reserva tu hotel a trav\u00e9s de nosotros en cualquier destino promocionado aqu\u00ed. Si tu destino no aparece pero est\u00e1 en Mallorca, \u00a1contacta con nosotros y te ayudaremos! Puedes reservar con el c\u00f3digo de descuento que tenemos para algunos hoteles o si no, haznos tu petici\u00f3n de hotel favorito. 2 Paso &#8211; Una vez que tengas tu reserva hecha. Ponte en contacto con nosotros a trav\u00e9s del correo electr\u00f3nico info@discoversoller.com adjuntando la confirmaci\u00f3n de tu reserva y te enviaremos tu gu\u00eda en 24 &#8211; 48 horas.<\/p>\n","protected":false},"author":1,"featured_media":0,"parent":0,"menu_order":0,"comment_status":"closed","ping_status":"closed","template":"elementor_header_footer","meta":{"_monsterinsights_skip_tracking":false,"_monsterinsights_sitenote_active":false,"_monsterinsights_sitenote_note":"","_monsterinsights_sitenote_category":0,"footnotes":""},"class_list":["post-5894","page","type-page","status-publish","hentry"],"aioseo_notices":[],"_links":{"self":[{"href":"https:\/\/discoversoller.com\/es\/wp-json\/wp\/v2\/pages\/5894","targetHints":{"allow":["GET"]}}],"collection":[{"href":"https:\/\/discoversoller.com\/es\/wp-json\/wp\/v2\/pages"}],"about":[{"href":"https:\/\/discoversoller.com\/es\/wp-json\/wp\/v2\/types\/page"}],"author":[{"embeddable":true,"href":"https:\/\/discoversoller.com\/es\/wp-json\/wp\/v2\/users\/1"}],"replies":[{"embeddable":true,"href":"https:\/\/discoversoller.com\/es\/wp-json\/wp\/v2\/comments?post=5894"}],"version-history":[{"count":1,"href":"https:\/\/discoversoller.com\/es\/wp-json\/wp\/v2\/pages\/5894\/revisions"}],"predecessor-version":[{"id":5896,"href":"https:\/\/discoversoller.com\/es\/wp-json\/wp\/v2\/pages\/5894\/revisions\/5896"}],"wp:attachment":[{"href":"https:\/\/discoversoller.com\/es\/wp-json\/wp\/v2\/media?parent=5894"}],"curies":[{"name":"wp","href":"https:\/\/api.w.org\/{rel}","templated":true}]}}