{"id":5770,"date":"2024-10-07T13:30:43","date_gmt":"2024-10-07T11:30:43","guid":{"rendered":"https:\/\/discoversoller.com\/agencia-inmobiliaria\/"},"modified":"2024-12-11T17:59:12","modified_gmt":"2024-12-11T16:59:12","slug":"agencia-inmobiliaria","status":"publish","type":"page","link":"https:\/\/discoversoller.com\/es\/agencia-inmobiliaria\/","title":{"rendered":"Agencia inmobiliaria"},"content":{"rendered":"\t\t<div data-elementor-type=\"wp-page\" data-elementor-id=\"5770\" class=\"elementor elementor-5770 elementor-3490\" data-elementor-post-type=\"page\">\n\t\t\t\t<div class=\"elementor-element elementor-element-4b4058a e-flex e-con-boxed wpr-particle-no wpr-jarallax-no wpr-parallax-no wpr-sticky-section-no e-con e-parent\" data-id=\"4b4058a\" data-element_type=\"container\" data-e-type=\"container\">\n\t\t\t\t\t<div class=\"e-con-inner\">\n\t\t\t\t<div class=\"elementor-element elementor-element-d57f937 elementor-widget elementor-widget-heading\" data-id=\"d57f937\" data-element_type=\"widget\" data-e-type=\"widget\" data-widget_type=\"heading.default\">\n\t\t\t\t<div class=\"elementor-widget-container\">\n\t\t\t\t\t<h2 class=\"elementor-heading-title elementor-size-default\">A\u00f1ade aqu\u00ed tu texto de cabecera<\/h2>\t\t\t\t<\/div>\n\t\t\t\t<\/div>\n\t\t\t\t\t<\/div>\n\t\t\t\t<\/div>\n\t\t<div class=\"elementor-element elementor-element-34c5079 e-flex e-con-boxed wpr-particle-no wpr-jarallax-no wpr-parallax-no wpr-sticky-section-no e-con e-parent\" data-id=\"34c5079\" data-element_type=\"container\" data-e-type=\"container\">\n\t\t\t\t\t<div class=\"e-con-inner\">\n\t\t<div class=\"elementor-element elementor-element-0df5113 e-con-full e-flex wpr-particle-no wpr-jarallax-no wpr-parallax-no wpr-sticky-section-no e-con e-child\" data-id=\"0df5113\" data-element_type=\"container\" data-e-type=\"container\">\n\t\t\t\t<div class=\"elementor-element elementor-element-5d6753c elementor-widget elementor-widget-heading\" data-id=\"5d6753c\" data-element_type=\"widget\" data-e-type=\"widget\" data-widget_type=\"heading.default\">\n\t\t\t\t<div class=\"elementor-widget-container\">\n\t\t\t\t\t<h2 class=\"elementor-heading-title elementor-size-default\">Agencia inmobiliaria<\/h2>\t\t\t\t<\/div>\n\t\t\t\t<\/div>\n\t\t\t\t<div class=\"elementor-element elementor-element-2426c44 elementor-widget elementor-widget-text-editor\" data-id=\"2426c44\" data-element_type=\"widget\" data-e-type=\"widget\" data-widget_type=\"text-editor.default\">\n\t\t\t\t<div class=\"elementor-widget-container\">\n\t\t\t\t\t\t\t\t\t<p style=\"text-align: center;\">Nos encanta Mallorca y queremos que t\u00fa sientas lo mismo. Por eso, si quieres adquirir un trozo de para\u00edso, te recomendamos Soller Homes. Una agencia inmobiliaria con propiedades en S\u00f3ller y alrededores, para comprar o alquilar.  <\/p>\n\t\t\t\t\t\t\t\t<\/div>\n\t\t\t\t<\/div>\n\t\t\t\t<div class=\"elementor-element elementor-element-2b1dcfa elementor-align-center elementor-widget elementor-widget-button\" data-id=\"2b1dcfa\" data-element_type=\"widget\" data-e-type=\"widget\" data-widget_type=\"button.default\">\n\t\t\t\t<div class=\"elementor-widget-container\">\n\t\t\t\t\t\t\t\t\t<div class=\"elementor-button-wrapper\">\n\t\t\t\t\t<a class=\"elementor-button elementor-button-link elementor-size-sm\" href=\"https:\/\/bit.ly\/4ffR187\">\n\t\t\t\t\t\t<span class=\"elementor-button-content-wrapper\">\n\t\t\t\t\t\t\t\t\t<span class=\"elementor-button-text\">El para\u00edso est\u00e1 aqu\u00ed<\/span>\n\t\t\t\t\t<\/span>\n\t\t\t\t\t<\/a>\n\t\t\t\t<\/div>\n\t\t\t\t\t\t\t\t<\/div>\n\t\t\t\t<\/div>\n\t\t\t\t<\/div>\n\t\t<div class=\"elementor-element elementor-element-a01c7b3 e-con-full e-flex wpr-particle-no wpr-jarallax-no wpr-parallax-no wpr-sticky-section-no e-con e-child\" data-id=\"a01c7b3\" data-element_type=\"container\" data-e-type=\"container\">\n\t\t\t\t<div class=\"elementor-element elementor-element-047aafc elementor-widget elementor-widget-image\" data-id=\"047aafc\" data-element_type=\"widget\" data-e-type=\"widget\" data-widget_type=\"image.default\">\n\t\t\t\t<div class=\"elementor-widget-container\">\n\t\t\t\t\t\t\t\t\t\t\t\t\t\t\t<img fetchpriority=\"high\" decoding=\"async\" width=\"1024\" height=\"486\" src=\"https:\/\/discoversoller.com\/wp-content\/uploads\/2024\/10\/Soller-Homes-1024x486.jpg\" class=\"attachment-large size-large wp-image-5349\" alt=\"\" srcset=\"https:\/\/discoversoller.com\/wp-content\/uploads\/2024\/10\/Soller-Homes-1024x486.jpg 1024w, https:\/\/discoversoller.com\/wp-content\/uploads\/2024\/10\/Soller-Homes-600x285.jpg 600w, https:\/\/discoversoller.com\/wp-content\/uploads\/2024\/10\/Soller-Homes-300x143.jpg 300w, https:\/\/discoversoller.com\/wp-content\/uploads\/2024\/10\/Soller-Homes-768x365.jpg 768w, https:\/\/discoversoller.com\/wp-content\/uploads\/2024\/10\/Soller-Homes-e1728226645261.jpg 800w\" sizes=\"(max-width: 1024px) 100vw, 1024px\" \/>\t\t\t\t\t\t\t\t\t\t\t\t\t\t\t<\/div>\n\t\t\t\t<\/div>\n\t\t\t\t<\/div>\n\t\t\t\t\t<\/div>\n\t\t\t\t<\/div>\n\t\t<div class=\"elementor-element elementor-element-7cb183d e-flex e-con-boxed wpr-particle-no wpr-jarallax-no wpr-parallax-no wpr-sticky-section-no e-con e-parent\" data-id=\"7cb183d\" data-element_type=\"container\" data-e-type=\"container\">\n\t\t\t\t\t<div class=\"e-con-inner\">\n\t\t\t\t\t<\/div>\n\t\t\t\t<\/div>\n\t\t\t\t<\/div>\n\t\t","protected":false},"excerpt":{"rendered":"<p>A\u00f1ade aqu\u00ed tu texto de cabecera Agencia inmobiliaria Nos encanta Mallorca y queremos que t\u00fa sientas lo mismo. Por eso, si quieres adquirir un trozo de para\u00edso, te recomendamos Soller Homes. Una agencia inmobiliaria con propiedades en S\u00f3ller y alrededores, para comprar o alquilar. El para\u00edso est\u00e1 aqu\u00ed<\/p>\n","protected":false},"author":1,"featured_media":0,"parent":0,"menu_order":0,"comment_status":"closed","ping_status":"closed","template":"elementor_header_footer","meta":{"_monsterinsights_skip_tracking":false,"_monsterinsights_sitenote_active":false,"_monsterinsights_sitenote_note":"","_monsterinsights_sitenote_category":0,"footnotes":""},"class_list":["post-5770","page","type-page","status-publish","hentry"],"aioseo_notices":[],"_links":{"self":[{"href":"https:\/\/discoversoller.com\/es\/wp-json\/wp\/v2\/pages\/5770","targetHints":{"allow":["GET"]}}],"collection":[{"href":"https:\/\/discoversoller.com\/es\/wp-json\/wp\/v2\/pages"}],"about":[{"href":"https:\/\/discoversoller.com\/es\/wp-json\/wp\/v2\/types\/page"}],"author":[{"embeddable":true,"href":"https:\/\/discoversoller.com\/es\/wp-json\/wp\/v2\/users\/1"}],"replies":[{"embeddable":true,"href":"https:\/\/discoversoller.com\/es\/wp-json\/wp\/v2\/comments?post=5770"}],"version-history":[{"count":1,"href":"https:\/\/discoversoller.com\/es\/wp-json\/wp\/v2\/pages\/5770\/revisions"}],"predecessor-version":[{"id":5772,"href":"https:\/\/discoversoller.com\/es\/wp-json\/wp\/v2\/pages\/5770\/revisions\/5772"}],"wp:attachment":[{"href":"https:\/\/discoversoller.com\/es\/wp-json\/wp\/v2\/media?parent=5770"}],"curies":[{"name":"wp","href":"https:\/\/api.w.org\/{rel}","templated":true}]}}