{"id":5749,"date":"2024-10-14T19:13:43","date_gmt":"2024-10-14T17:13:43","guid":{"rendered":"https:\/\/discoversoller.com\/como-reservar\/"},"modified":"2024-12-11T17:55:35","modified_gmt":"2024-12-11T16:55:35","slug":"como-reservar","status":"publish","type":"page","link":"https:\/\/discoversoller.com\/es\/como-reservar\/","title":{"rendered":"C\u00d3MO RESERVAR"},"content":{"rendered":"\t\t<div data-elementor-type=\"wp-page\" data-elementor-id=\"5749\" class=\"elementor elementor-5749 elementor-5677\" data-elementor-post-type=\"page\">\n\t\t\t\t<div class=\"elementor-element elementor-element-01c8c2e e-flex e-con-boxed wpr-particle-no wpr-jarallax-no wpr-parallax-no wpr-sticky-section-no wpr-equal-height-no e-con e-parent\" data-id=\"01c8c2e\" data-element_type=\"container\" data-e-type=\"container\">\n\t\t\t\t\t<div class=\"e-con-inner\">\n\t\t\t\t<div class=\"elementor-element elementor-element-65300ec elementor-widget elementor-widget-heading\" data-id=\"65300ec\" data-element_type=\"widget\" data-e-type=\"widget\" data-widget_type=\"heading.default\">\n\t\t\t\t<div class=\"elementor-widget-container\">\n\t\t\t\t\t<h2 class=\"elementor-heading-title elementor-size-default\">C\u00d3MO RESERVAR<\/h2>\t\t\t\t<\/div>\n\t\t\t\t<\/div>\n\t\t\t\t\t<\/div>\n\t\t\t\t<\/div>\n\t\t<div class=\"elementor-element elementor-element-7a9e66a e-flex e-con-boxed wpr-particle-no wpr-jarallax-no wpr-parallax-no wpr-sticky-section-no wpr-equal-height-no e-con e-parent\" data-id=\"7a9e66a\" data-element_type=\"container\" data-e-type=\"container\">\n\t\t\t\t\t<div class=\"e-con-inner\">\n\t\t\t\t<div class=\"elementor-element elementor-element-52ba61c elementor-widget elementor-widget-text-editor\" data-id=\"52ba61c\" data-element_type=\"widget\" data-e-type=\"widget\" data-widget_type=\"text-editor.default\">\n\t\t\t\t<div class=\"elementor-widget-container\">\n\t\t\t\t\t\t\t\t\t<h2>C\u00d3DIGO DESCUENTO<\/h2>\n<p>Para algunos hoteles tenemos c\u00f3digos de descuento exclusivos que s\u00f3lo podr\u00e1s encontrar en nuestra <strong><a href=\"https:\/\/discoversoller.com\/offers\/\" target=\"_blank\" rel=\"noopener\">web aqu\u00ed<\/a><\/strong>.<\/p>\n<ol>\n<li>Copia el descuento<\/li>\n<li>Visita la p\u00e1gina del hotel y durante el proceso de reserva a\u00f1ade el c\u00f3digo de descuento<\/li>\n<li>  Autom\u00e1ticamente recibir\u00e1s las tarifas con descuento y podr\u00e1s reservar en la misma web del hotel.<\/li>\n<\/ol>\n\t\t\t\t\t\t\t\t<\/div>\n\t\t\t\t<\/div>\n\t\t\t\t\t<\/div>\n\t\t\t\t<\/div>\n\t\t<div class=\"elementor-element elementor-element-530247b e-flex e-con-boxed wpr-particle-no wpr-jarallax-no wpr-parallax-no wpr-sticky-section-no wpr-equal-height-no e-con e-parent\" data-id=\"530247b\" data-element_type=\"container\" data-e-type=\"container\">\n\t\t\t\t\t<div class=\"e-con-inner\">\n\t\t\t\t<div class=\"elementor-element elementor-element-5ec475c elementor-widget-divider--view-line elementor-widget elementor-widget-divider\" data-id=\"5ec475c\" data-element_type=\"widget\" data-e-type=\"widget\" data-widget_type=\"divider.default\">\n\t\t\t\t<div class=\"elementor-widget-container\">\n\t\t\t\t\t\t\t<div class=\"elementor-divider\">\n\t\t\t<span class=\"elementor-divider-separator\">\n\t\t\t\t\t\t<\/span>\n\t\t<\/div>\n\t\t\t\t\t\t<\/div>\n\t\t\t\t<\/div>\n\t\t\t\t\t<\/div>\n\t\t\t\t<\/div>\n\t\t<div class=\"elementor-element elementor-element-086cc9f e-flex e-con-boxed wpr-particle-no wpr-jarallax-no wpr-parallax-no wpr-sticky-section-no wpr-equal-height-no e-con e-parent\" data-id=\"086cc9f\" data-element_type=\"container\" data-e-type=\"container\">\n\t\t\t\t\t<div class=\"e-con-inner\">\n\t\t\t\t<div class=\"elementor-element elementor-element-c37ba47 elementor-widget elementor-widget-text-editor\" data-id=\"c37ba47\" data-element_type=\"widget\" data-e-type=\"widget\" data-widget_type=\"text-editor.default\">\n\t\t\t\t<div class=\"elementor-widget-container\">\n\t\t\t\t\t\t\t\t\t<h2>ENVIAR UNA SOLICITUD<\/h2>\n<p>Conocemos personalmente los hoteles que ofrecemos, tenemos acceso a toda su disponibilidad y podemos organizarlo todo para ti con eficacia.<\/p>\n<ol>\n<li>Elige el hotel que desees de <a href=\"https:\/\/discoversoller.com\/es\/hoteles\/\" target=\"_blank\" rel=\"noopener\">nuestra selecci\u00f3n de hoteles.<\/a><\/li>\n<li>  Pulsa el bot\u00f3n &#8220;Realizar una consulta&#8221;.<\/li>\n<li>  Rellena el Formulario y env\u00eda tu solicitud<\/li>\n<li>Consulta tu bandeja de entrada para recibir nuestro correo electr\u00f3nico con tarifas y disponibilidad. Nos pondremos en contacto contigo en las pr\u00f3ximas horas o en un m\u00e1ximo de 48 horas. <\/li>\n<\/ol>\n\t\t\t\t\t\t\t\t<\/div>\n\t\t\t\t<\/div>\n\t\t\t\t\t<\/div>\n\t\t\t\t<\/div>\n\t\t<div class=\"elementor-element elementor-element-a19ca3d e-flex e-con-boxed wpr-particle-no wpr-jarallax-no wpr-parallax-no wpr-sticky-section-no wpr-equal-height-no e-con e-parent\" data-id=\"a19ca3d\" data-element_type=\"container\" data-e-type=\"container\">\n\t\t\t\t\t<div class=\"e-con-inner\">\n\t\t\t\t<div class=\"elementor-element elementor-element-3b0f91a elementor-widget-divider--view-line elementor-widget elementor-widget-divider\" data-id=\"3b0f91a\" data-element_type=\"widget\" data-e-type=\"widget\" data-widget_type=\"divider.default\">\n\t\t\t\t<div class=\"elementor-widget-container\">\n\t\t\t\t\t\t\t<div class=\"elementor-divider\">\n\t\t\t<span class=\"elementor-divider-separator\">\n\t\t\t\t\t\t<\/span>\n\t\t<\/div>\n\t\t\t\t\t\t<\/div>\n\t\t\t\t<\/div>\n\t\t\t\t\t<\/div>\n\t\t\t\t<\/div>\n\t\t<div class=\"elementor-element elementor-element-66690c2 e-flex e-con-boxed wpr-particle-no wpr-jarallax-no wpr-parallax-no wpr-sticky-section-no wpr-equal-height-no e-con e-parent\" data-id=\"66690c2\" data-element_type=\"container\" data-e-type=\"container\">\n\t\t\t\t\t<div class=\"e-con-inner\">\n\t\t\t\t<div class=\"elementor-element elementor-element-7fb25fc elementor-widget elementor-widget-text-editor\" data-id=\"7fb25fc\" data-element_type=\"widget\" data-e-type=\"widget\" data-widget_type=\"text-editor.default\">\n\t\t\t\t<div class=\"elementor-widget-container\">\n\t\t\t\t\t\t\t\t\t<h2>NUESTRAS POL\u00cdTICAS<\/h2>\n<ul>\n<li style=\"text-align: left;\">&#8211; Nuestras pol\u00edticas de cancelaci\u00f3n son las mismas que las de los hoteles, por lo que garantizamos un servicio honesto y transparente.<\/li>\n<\/ul>\n\t\t\t\t\t\t\t\t<\/div>\n\t\t\t\t<\/div>\n\t\t\t\t\t<\/div>\n\t\t\t\t<\/div>\n\t\t\t\t<\/div>\n\t\t","protected":false},"excerpt":{"rendered":"<p>C\u00d3MO RESERVAR C\u00d3DIGO DESCUENTO Para algunos hoteles tenemos c\u00f3digos de descuento exclusivos que s\u00f3lo podr\u00e1s encontrar en nuestra web aqu\u00ed. Copia el descuento Visita la p\u00e1gina del hotel y durante el proceso de reserva a\u00f1ade el c\u00f3digo de descuento Autom\u00e1ticamente recibir\u00e1s las tarifas con descuento y podr\u00e1s reservar en la misma web del hotel. ENVIAR UNA SOLICITUD Conocemos personalmente los hoteles que ofrecemos, tenemos acceso a toda su disponibilidad y podemos organizarlo todo para ti con eficacia. Elige el hotel que desees de nuestra selecci\u00f3n de hoteles. Pulsa el bot\u00f3n &#8220;Realizar una consulta&#8221;. Rellena el Formulario y env\u00eda tu solicitud Consulta tu bandeja de entrada para recibir nuestro correo electr\u00f3nico con tarifas y disponibilidad. Nos pondremos en contacto contigo en las pr\u00f3ximas horas o en un m\u00e1ximo de 48 horas. NUESTRAS POL\u00cdTICAS &#8211; Nuestras pol\u00edticas de cancelaci\u00f3n son las mismas que las de los hoteles, por lo que garantizamos un servicio honesto y transparente.<\/p>\n","protected":false},"author":1,"featured_media":0,"parent":0,"menu_order":0,"comment_status":"closed","ping_status":"closed","template":"elementor_header_footer","meta":{"_monsterinsights_skip_tracking":false,"_monsterinsights_sitenote_active":false,"_monsterinsights_sitenote_note":"","_monsterinsights_sitenote_category":0,"footnotes":""},"class_list":["post-5749","page","type-page","status-publish","hentry"],"aioseo_notices":[],"_links":{"self":[{"href":"https:\/\/discoversoller.com\/es\/wp-json\/wp\/v2\/pages\/5749","targetHints":{"allow":["GET"]}}],"collection":[{"href":"https:\/\/discoversoller.com\/es\/wp-json\/wp\/v2\/pages"}],"about":[{"href":"https:\/\/discoversoller.com\/es\/wp-json\/wp\/v2\/types\/page"}],"author":[{"embeddable":true,"href":"https:\/\/discoversoller.com\/es\/wp-json\/wp\/v2\/users\/1"}],"replies":[{"embeddable":true,"href":"https:\/\/discoversoller.com\/es\/wp-json\/wp\/v2\/comments?post=5749"}],"version-history":[{"count":1,"href":"https:\/\/discoversoller.com\/es\/wp-json\/wp\/v2\/pages\/5749\/revisions"}],"predecessor-version":[{"id":5751,"href":"https:\/\/discoversoller.com\/es\/wp-json\/wp\/v2\/pages\/5749\/revisions\/5751"}],"wp:attachment":[{"href":"https:\/\/discoversoller.com\/es\/wp-json\/wp\/v2\/media?parent=5749"}],"curies":[{"name":"wp","href":"https:\/\/api.w.org\/{rel}","templated":true}]}}