{"id":5689,"date":"2024-12-06T10:00:52","date_gmt":"2024-12-06T09:00:52","guid":{"rendered":"https:\/\/discoversoller.com\/eleven-pro-cars-alquiler-de-coches-de-lujo\/"},"modified":"2025-02-12T20:15:47","modified_gmt":"2025-02-12T19:15:47","slug":"eleven-pro-cars-alquiler-de-coches-de-lujo","status":"publish","type":"page","link":"https:\/\/discoversoller.com\/es\/eleven-pro-cars-alquiler-de-coches-de-lujo\/","title":{"rendered":"Eleven Pro Cars &#8211; Alquiler de coches de lujo"},"content":{"rendered":"\t\t<div data-elementor-type=\"wp-page\" data-elementor-id=\"5689\" class=\"elementor elementor-5689\" data-elementor-post-type=\"page\">\n\t\t\t\t<div class=\"elementor-element elementor-element-61074e6 e-flex e-con-boxed wpr-particle-no wpr-jarallax-no wpr-parallax-no wpr-sticky-section-no wpr-equal-height-no e-con e-parent\" data-id=\"61074e6\" data-element_type=\"container\" data-e-type=\"container\">\n\t\t\t\t\t<div class=\"e-con-inner\">\n\t\t\t\t<div class=\"elementor-element elementor-element-2f3bdf6 elementor-widget elementor-widget-heading\" data-id=\"2f3bdf6\" data-element_type=\"widget\" data-e-type=\"widget\" data-widget_type=\"heading.default\">\n\t\t\t\t<div class=\"elementor-widget-container\">\n\t\t\t\t\t<h2 class=\"elementor-heading-title elementor-size-default\">Coches de lujo, con Eleven Pro Cars<\/h2>\t\t\t\t<\/div>\n\t\t\t\t<\/div>\n\t\t\t\t<div class=\"elementor-element elementor-element-e0f6f96 elementor-widget elementor-widget-heading\" data-id=\"e0f6f96\" data-element_type=\"widget\" data-e-type=\"widget\" data-widget_type=\"heading.default\">\n\t\t\t\t<div class=\"elementor-widget-container\">\n\t\t\t\t\t<h2 class=\"elementor-heading-title elementor-size-default\">Coches de lujo a tu conveniencia, cuando y donde los necesites<\/h2>\t\t\t\t<\/div>\n\t\t\t\t<\/div>\n\t\t\t\t\t<\/div>\n\t\t\t\t<\/div>\n\t\t<div class=\"elementor-element elementor-element-17921b9 e-flex e-con-boxed wpr-particle-no wpr-jarallax-no wpr-parallax-no wpr-sticky-section-no wpr-equal-height-no e-con e-parent\" data-id=\"17921b9\" data-element_type=\"container\" data-e-type=\"container\">\n\t\t\t\t\t<div class=\"e-con-inner\">\n\t\t<div class=\"elementor-element elementor-element-43158df e-con-full e-flex wpr-particle-no wpr-jarallax-no wpr-parallax-no wpr-sticky-section-no wpr-equal-height-no e-con e-child\" data-id=\"43158df\" data-element_type=\"container\" data-e-type=\"container\">\n\t\t\t\t<div class=\"elementor-element elementor-element-d0a68e9 elementor-widget elementor-widget-gallery\" data-id=\"d0a68e9\" data-element_type=\"widget\" data-e-type=\"widget\" data-settings=\"{&quot;columns&quot;:3,&quot;gap&quot;:{&quot;unit&quot;:&quot;px&quot;,&quot;size&quot;:2,&quot;sizes&quot;:[]},&quot;aspect_ratio&quot;:&quot;1:1&quot;,&quot;lazyload&quot;:&quot;yes&quot;,&quot;gallery_layout&quot;:&quot;grid&quot;,&quot;columns_tablet&quot;:2,&quot;columns_mobile&quot;:1,&quot;gap_tablet&quot;:{&quot;unit&quot;:&quot;px&quot;,&quot;size&quot;:10,&quot;sizes&quot;:[]},&quot;gap_mobile&quot;:{&quot;unit&quot;:&quot;px&quot;,&quot;size&quot;:10,&quot;sizes&quot;:[]},&quot;link_to&quot;:&quot;file&quot;,&quot;overlay_background&quot;:&quot;yes&quot;,&quot;content_hover_animation&quot;:&quot;fade-in&quot;}\" data-widget_type=\"gallery.default\">\n\t\t\t\t<div class=\"elementor-widget-container\">\n\t\t\t\t\t\t\t<div class=\"elementor-gallery__container\">\n\t\t\t\t\t\t\t<a class=\"e-gallery-item elementor-gallery-item elementor-animated-content\" href=\"https:\/\/discoversoller.com\/wp-content\/uploads\/2024\/12\/mercedesnuevo-g63amg-1-2-scaled.jpg\" data-elementor-open-lightbox=\"yes\" data-elementor-lightbox-slideshow=\"d0a68e9\" data-elementor-lightbox-title=\"Luxuary Cars Mallorca\" data-e-action-hash=\"#elementor-action%3Aaction%3Dlightbox%26settings%3DeyJpZCI6NTk0NSwidXJsIjoiaHR0cHM6XC9cL2Rpc2NvdmVyc29sbGVyLmNvbVwvd3AtY29udGVudFwvdXBsb2Fkc1wvMjAyNFwvMTJcL21lcmNlZGVzbnVldm8tZzYzYW1nLTEtMi1zY2FsZWQuanBnIiwic2xpZGVzaG93IjoiZDBhNjhlOSJ9\">\n\t\t\t\t\t<div class=\"e-gallery-image elementor-gallery-item__image\" data-thumbnail=\"https:\/\/discoversoller.com\/wp-content\/uploads\/2024\/12\/mercedesnuevo-g63amg-1-2-880x1024.jpg\" data-width=\"880\" data-height=\"1024\" aria-label=\"Luxury Cars Mallorca: offering premium vehicles for elegant travel, business trips, or special occasions, with tailored services and professional chauffeurs.\" role=\"img\" ><\/div>\n\t\t\t\t\t\t\t\t\t\t\t<div class=\"elementor-gallery-item__overlay\"><\/div>\n\t\t\t\t\t\t\t\t\t\t\t\t\t\t<\/a>\n\t\t\t\t\t\t\t<a class=\"e-gallery-item elementor-gallery-item elementor-animated-content\" href=\"https:\/\/discoversoller.com\/wp-content\/uploads\/2024\/12\/CLE300-1-1-scaled.jpeg\" data-elementor-open-lightbox=\"yes\" data-elementor-lightbox-slideshow=\"d0a68e9\" data-elementor-lightbox-title=\"Luxuary Cars Mallorca\" data-e-action-hash=\"#elementor-action%3Aaction%3Dlightbox%26settings%3DeyJpZCI6NTk0OCwidXJsIjoiaHR0cHM6XC9cL2Rpc2NvdmVyc29sbGVyLmNvbVwvd3AtY29udGVudFwvdXBsb2Fkc1wvMjAyNFwvMTJcL0NMRTMwMC0xLTEtc2NhbGVkLmpwZWciLCJzbGlkZXNob3ciOiJkMGE2OGU5In0%3D\">\n\t\t\t\t\t<div class=\"e-gallery-image elementor-gallery-item__image\" data-thumbnail=\"https:\/\/discoversoller.com\/wp-content\/uploads\/2024\/12\/CLE300-1-1-1024x972.jpeg\" data-width=\"1024\" data-height=\"972\" aria-label=\"Luxury Cars Mallorca: offering premium vehicles for elegant travel, business trips, or special occasions, with tailored services and professional chauffeurs.\" role=\"img\" ><\/div>\n\t\t\t\t\t\t\t\t\t\t\t<div class=\"elementor-gallery-item__overlay\"><\/div>\n\t\t\t\t\t\t\t\t\t\t\t\t\t\t<\/a>\n\t\t\t\t\t\t\t<a class=\"e-gallery-item elementor-gallery-item elementor-animated-content\" href=\"https:\/\/discoversoller.com\/wp-content\/uploads\/2024\/12\/jeep-1-1-scaled.jpg\" data-elementor-open-lightbox=\"yes\" data-elementor-lightbox-slideshow=\"d0a68e9\" data-elementor-lightbox-title=\"Luxuary Cars Mallorca\" data-e-action-hash=\"#elementor-action%3Aaction%3Dlightbox%26settings%3DeyJpZCI6NTk1MSwidXJsIjoiaHR0cHM6XC9cL2Rpc2NvdmVyc29sbGVyLmNvbVwvd3AtY29udGVudFwvdXBsb2Fkc1wvMjAyNFwvMTJcL2plZXAtMS0xLXNjYWxlZC5qcGciLCJzbGlkZXNob3ciOiJkMGE2OGU5In0%3D\">\n\t\t\t\t\t<div class=\"e-gallery-image elementor-gallery-item__image\" data-thumbnail=\"https:\/\/discoversoller.com\/wp-content\/uploads\/2024\/12\/jeep-1-1-1024x818.jpg\" data-width=\"1024\" data-height=\"818\" aria-label=\"Luxury Cars Mallorca: offering premium vehicles for elegant travel, business trips, or special occasions, with tailored services and professional chauffeurs.\" role=\"img\" ><\/div>\n\t\t\t\t\t\t\t\t\t\t\t<div class=\"elementor-gallery-item__overlay\"><\/div>\n\t\t\t\t\t\t\t\t\t\t\t\t\t\t<\/a>\n\t\t\t\t\t\t\t<a class=\"e-gallery-item elementor-gallery-item elementor-animated-content\" href=\"https:\/\/discoversoller.com\/wp-content\/uploads\/2024\/12\/MercedesGLS600-3-scaled.jpeg\" data-elementor-open-lightbox=\"yes\" data-elementor-lightbox-slideshow=\"d0a68e9\" data-elementor-lightbox-title=\"Luxuary Cars Mallorca\" data-e-action-hash=\"#elementor-action%3Aaction%3Dlightbox%26settings%3DeyJpZCI6NTk1NCwidXJsIjoiaHR0cHM6XC9cL2Rpc2NvdmVyc29sbGVyLmNvbVwvd3AtY29udGVudFwvdXBsb2Fkc1wvMjAyNFwvMTJcL01lcmNlZGVzR0xTNjAwLTMtc2NhbGVkLmpwZWciLCJzbGlkZXNob3ciOiJkMGE2OGU5In0%3D\">\n\t\t\t\t\t<div class=\"e-gallery-image elementor-gallery-item__image\" data-thumbnail=\"https:\/\/discoversoller.com\/wp-content\/uploads\/2024\/12\/MercedesGLS600-3-1024x969.jpeg\" data-width=\"1024\" data-height=\"969\" aria-label=\"Luxury Cars Mallorca: offering premium vehicles for elegant travel, business trips, or special occasions, with tailored services and professional chauffeurs.\" role=\"img\" ><\/div>\n\t\t\t\t\t\t\t\t\t\t\t<div class=\"elementor-gallery-item__overlay\"><\/div>\n\t\t\t\t\t\t\t\t\t\t\t\t\t\t<\/a>\n\t\t\t\t\t\t\t<a class=\"e-gallery-item elementor-gallery-item elementor-animated-content\" href=\"https:\/\/discoversoller.com\/wp-content\/uploads\/2024\/12\/rangeRoverSportNegroAgosto-1-1-scaled.jpg\" data-elementor-open-lightbox=\"yes\" data-elementor-lightbox-slideshow=\"d0a68e9\" data-elementor-lightbox-title=\"Luxuary Cars Mallorca\" data-e-action-hash=\"#elementor-action%3Aaction%3Dlightbox%26settings%3DeyJpZCI6NTk1NywidXJsIjoiaHR0cHM6XC9cL2Rpc2NvdmVyc29sbGVyLmNvbVwvd3AtY29udGVudFwvdXBsb2Fkc1wvMjAyNFwvMTJcL3JhbmdlUm92ZXJTcG9ydE5lZ3JvQWdvc3RvLTEtMS1zY2FsZWQuanBnIiwic2xpZGVzaG93IjoiZDBhNjhlOSJ9\">\n\t\t\t\t\t<div class=\"e-gallery-image elementor-gallery-item__image\" data-thumbnail=\"https:\/\/discoversoller.com\/wp-content\/uploads\/2024\/12\/rangeRoverSportNegroAgosto-1-1-875x1024.jpg\" data-width=\"875\" data-height=\"1024\" aria-label=\"Luxury Cars Mallorca: experience exclusive travel with premium vehicles, tailored services, and professional chauffeurs.\" role=\"img\" ><\/div>\n\t\t\t\t\t\t\t\t\t\t\t<div class=\"elementor-gallery-item__overlay\"><\/div>\n\t\t\t\t\t\t\t\t\t\t\t\t\t\t<\/a>\n\t\t\t\t\t\t\t<a class=\"e-gallery-item elementor-gallery-item elementor-animated-content\" href=\"https:\/\/discoversoller.com\/wp-content\/uploads\/2024\/12\/mcLaren765LT-1-scaled.jpg\" data-elementor-open-lightbox=\"yes\" data-elementor-lightbox-slideshow=\"d0a68e9\" data-elementor-lightbox-title=\"Luxuary Cars Mallorca\" data-e-action-hash=\"#elementor-action%3Aaction%3Dlightbox%26settings%3DeyJpZCI6NTk2MCwidXJsIjoiaHR0cHM6XC9cL2Rpc2NvdmVyc29sbGVyLmNvbVwvd3AtY29udGVudFwvdXBsb2Fkc1wvMjAyNFwvMTJcL21jTGFyZW43NjVMVC0xLXNjYWxlZC5qcGciLCJzbGlkZXNob3ciOiJkMGE2OGU5In0%3D\">\n\t\t\t\t\t<div class=\"e-gallery-image elementor-gallery-item__image\" data-thumbnail=\"https:\/\/discoversoller.com\/wp-content\/uploads\/2024\/12\/mcLaren765LT-1-1024x683.jpg\" data-width=\"1024\" data-height=\"683\" aria-label=\"Luxury Cars Mallorca: experience exclusive travel with premium vehicles, tailored services, and professional chauffeurs.\" role=\"img\" ><\/div>\n\t\t\t\t\t\t\t\t\t\t\t<div class=\"elementor-gallery-item__overlay\"><\/div>\n\t\t\t\t\t\t\t\t\t\t\t\t\t\t<\/a>\n\t\t\t\t\t\t\t<a class=\"e-gallery-item elementor-gallery-item elementor-animated-content\" href=\"https:\/\/discoversoller.com\/wp-content\/uploads\/2024\/12\/astonMartinDBX707-5-scaled.jpg\" data-elementor-open-lightbox=\"yes\" data-elementor-lightbox-slideshow=\"d0a68e9\" data-elementor-lightbox-title=\"Luxuary Cars Mallorca\" data-e-action-hash=\"#elementor-action%3Aaction%3Dlightbox%26settings%3DeyJpZCI6NTk2MywidXJsIjoiaHR0cHM6XC9cL2Rpc2NvdmVyc29sbGVyLmNvbVwvd3AtY29udGVudFwvdXBsb2Fkc1wvMjAyNFwvMTJcL2FzdG9uTWFydGluREJYNzA3LTUtc2NhbGVkLmpwZyIsInNsaWRlc2hvdyI6ImQwYTY4ZTkifQ%3D%3D\">\n\t\t\t\t\t<div class=\"e-gallery-image elementor-gallery-item__image\" data-thumbnail=\"https:\/\/discoversoller.com\/wp-content\/uploads\/2024\/12\/astonMartinDBX707-5-768x1024.jpg\" data-width=\"768\" data-height=\"1024\" aria-label=\"Luxury Cars Mallorca: experience exclusive travel with premium vehicles, tailored services, and professional chauffeurs.\" role=\"img\" ><\/div>\n\t\t\t\t\t\t\t\t\t\t\t<div class=\"elementor-gallery-item__overlay\"><\/div>\n\t\t\t\t\t\t\t\t\t\t\t\t\t\t<\/a>\n\t\t\t\t\t\t\t<a class=\"e-gallery-item elementor-gallery-item elementor-animated-content\" href=\"https:\/\/discoversoller.com\/wp-content\/uploads\/2024\/12\/rangeRoverSportSVRNegroAgosto-1.jpeg\" data-elementor-open-lightbox=\"yes\" data-elementor-lightbox-slideshow=\"d0a68e9\" data-elementor-lightbox-title=\"Luxuary Cars Mallorca\" data-e-action-hash=\"#elementor-action%3Aaction%3Dlightbox%26settings%3DeyJpZCI6NTk2NiwidXJsIjoiaHR0cHM6XC9cL2Rpc2NvdmVyc29sbGVyLmNvbVwvd3AtY29udGVudFwvdXBsb2Fkc1wvMjAyNFwvMTJcL3JhbmdlUm92ZXJTcG9ydFNWUk5lZ3JvQWdvc3RvLTEuanBlZyIsInNsaWRlc2hvdyI6ImQwYTY4ZTkifQ%3D%3D\">\n\t\t\t\t\t<div class=\"e-gallery-image elementor-gallery-item__image\" data-thumbnail=\"https:\/\/discoversoller.com\/wp-content\/uploads\/2024\/12\/rangeRoverSportSVRNegroAgosto-1-868x1024.jpeg\" data-width=\"868\" data-height=\"1024\" aria-label=\"Luxury Car Hire Mallorca: for those who value class and comfort on their island adventures\" role=\"img\" ><\/div>\n\t\t\t\t\t\t\t\t\t\t\t<div class=\"elementor-gallery-item__overlay\"><\/div>\n\t\t\t\t\t\t\t\t\t\t\t\t\t\t<\/a>\n\t\t\t\t\t\t\t<a class=\"e-gallery-item elementor-gallery-item elementor-animated-content\" href=\"https:\/\/discoversoller.com\/wp-content\/uploads\/2024\/12\/MercedesGLC220DRojo-scaled.jpeg\" data-elementor-open-lightbox=\"yes\" data-elementor-lightbox-slideshow=\"d0a68e9\" data-elementor-lightbox-title=\"Luxuary Cars Mallorca\" data-e-action-hash=\"#elementor-action%3Aaction%3Dlightbox%26settings%3DeyJpZCI6NjE4OSwidXJsIjoiaHR0cHM6XC9cL2Rpc2NvdmVyc29sbGVyLmNvbVwvd3AtY29udGVudFwvdXBsb2Fkc1wvMjAyNFwvMTJcL01lcmNlZGVzR0xDMjIwRFJvam8tc2NhbGVkLmpwZWciLCJzbGlkZXNob3ciOiJkMGE2OGU5In0%3D\">\n\t\t\t\t\t<div class=\"e-gallery-image elementor-gallery-item__image\" data-thumbnail=\"https:\/\/discoversoller.com\/wp-content\/uploads\/2024\/12\/MercedesGLC220DRojo-937x1024.jpeg\" data-width=\"937\" data-height=\"1024\" aria-label=\"Mallorca Luxury Cars: drive the finest vehicles and enjoy tailored services for every occasion.\" role=\"img\" ><\/div>\n\t\t\t\t\t\t\t\t\t\t\t<div class=\"elementor-gallery-item__overlay\"><\/div>\n\t\t\t\t\t\t\t\t\t\t\t\t\t\t<\/a>\n\t\t\t\t\t<\/div>\n\t\t\t\t\t<\/div>\n\t\t\t\t<\/div>\n\t\t\t\t<\/div>\n\t\t<div class=\"elementor-element elementor-element-46a87c2 e-con-full e-flex wpr-particle-no wpr-jarallax-no wpr-parallax-no wpr-sticky-section-no wpr-equal-height-no e-con e-child\" data-id=\"46a87c2\" data-element_type=\"container\" data-e-type=\"container\">\n\t\t\t\t<div class=\"elementor-element elementor-element-aa8ce6e elementor-widget elementor-widget-text-editor\" data-id=\"aa8ce6e\" data-element_type=\"widget\" data-e-type=\"widget\" data-widget_type=\"text-editor.default\">\n\t\t\t\t<div class=\"elementor-widget-container\">\n\t\t\t\t\t\t\t\t\t<p>Eleva tu estancia en Mallorca con el alquiler de veh\u00edculos de lujo de Eleven Pro Cars. Tanto si est\u00e1s explorando la isla como planeando un viaje especial, su flota de coches de alta gama te garantiza una experiencia inolvidable. <\/p>\n<h3 style=\"text-align: center;\"><strong>Descuento exclusivo Descubre S\u00f3ller<\/strong><\/h3>\n<p>Como parte de nuestras colaboraciones exclusivas, <strong>disfruta de un 10% de descuento<\/strong> en tu alquiler de coches de lujo con Eleven Pro Cars. S\u00f3lo tienes que utilizar el c\u00f3digo <span style=\"text-decoration: underline;\"><strong>Descubre11\/30<\/strong><\/span> al reservar para desbloquear esta oferta especial. <\/p>\n<h3 style=\"text-align: center;\"><strong>C\u00f3mo reservar<\/strong><\/h3>\n<p>Visita el sitio web de Eleven Pro Cars y aplica el c\u00f3digo de descuento durante la compra. Su equipo te ayudar\u00e1 a seleccionar el veh\u00edculo perfecto que se adapte a tu estilo y necesidades. <\/p>\n<h3 style=\"text-align: center;\"><strong>Experiencia Once Coches Pro<\/strong><\/h3>\n<p>A\u00f1ade un toque de sofisticaci\u00f3n a tus viajes. Desde tecnolog\u00eda punta hasta un confort sin igual, Eleven Pro Cars redefine el lujo en la carretera, creando recuerdos que atesorar\u00e1s mucho despu\u00e9s de tu viaje. <\/p>\n<p style=\"text-align: center;\"><a href=\"https:\/\/discoversoller.com\/wp-content\/uploads\/2024\/12\/Catalogo_Eleven.pdf\" target=\"_blank\" rel=\"noopener\">Cat\u00e1logo Eleven Pro Cars<\/a><\/p>\n<p style=\"text-align: center;\"><span style=\"color: #ff0000;\"><strong>C\u00d3DIGO DESCUENTO: Descubre11\/30<\/strong><\/span><\/p>\n\t\t\t\t\t\t\t\t<\/div>\n\t\t\t\t<\/div>\n\t\t\t\t<div class=\"elementor-element elementor-element-0ef8bc2 elementor-align-center elementor-widget elementor-widget-button\" data-id=\"0ef8bc2\" data-element_type=\"widget\" data-e-type=\"widget\" data-widget_type=\"button.default\">\n\t\t\t\t<div class=\"elementor-widget-container\">\n\t\t\t\t\t\t\t\t\t<div class=\"elementor-button-wrapper\">\n\t\t\t\t\t<a class=\"elementor-button elementor-button-link elementor-size-sm\" href=\"https:\/\/elevenprocar.com\/?ref=Discover11\/30\">\n\t\t\t\t\t\t<span class=\"elementor-button-content-wrapper\">\n\t\t\t\t\t\t\t\t\t<span class=\"elementor-button-text\">RESERVA AHORA<\/span>\n\t\t\t\t\t<\/span>\n\t\t\t\t\t<\/a>\n\t\t\t\t<\/div>\n\t\t\t\t\t\t\t\t<\/div>\n\t\t\t\t<\/div>\n\t\t\t\t<\/div>\n\t\t\t\t\t<\/div>\n\t\t\t\t<\/div>\n\t\t\t\t<\/div>\n\t\t","protected":false},"excerpt":{"rendered":"<p>Coches de lujo, con Eleven Pro Cars Coches de lujo a tu conveniencia, cuando y donde los necesites Eleva tu estancia en Mallorca con el alquiler de veh\u00edculos de lujo de Eleven Pro Cars. Tanto si est\u00e1s explorando la isla como planeando un viaje especial, su flota de coches de alta gama te garantiza una experiencia inolvidable. Descuento exclusivo Descubre S\u00f3ller Como parte de nuestras colaboraciones exclusivas, disfruta de un 10% de descuento en tu alquiler de coches de lujo con Eleven Pro Cars. S\u00f3lo tienes que utilizar el c\u00f3digo Descubre11\/30 al reservar para desbloquear esta oferta especial. C\u00f3mo reservar Visita el sitio web de Eleven Pro Cars y aplica el c\u00f3digo de descuento durante la compra. Su equipo te ayudar\u00e1 a seleccionar el veh\u00edculo perfecto que se adapte a tu estilo y necesidades. Experiencia Once Coches Pro A\u00f1ade un toque de sofisticaci\u00f3n a tus viajes. Desde tecnolog\u00eda punta hasta un confort sin igual, Eleven Pro Cars redefine el lujo en la carretera, creando recuerdos que atesorar\u00e1s mucho despu\u00e9s de tu viaje. Cat\u00e1logo Eleven Pro Cars C\u00d3DIGO DESCUENTO: Descubre11\/30 RESERVA AHORA<\/p>\n","protected":false},"author":1,"featured_media":5962,"parent":0,"menu_order":0,"comment_status":"closed","ping_status":"closed","template":"elementor_header_footer","meta":{"_monsterinsights_skip_tracking":false,"_monsterinsights_sitenote_active":false,"_monsterinsights_sitenote_note":"","_monsterinsights_sitenote_category":0,"footnotes":""},"class_list":["post-5689","page","type-page","status-publish","has-post-thumbnail","hentry"],"aioseo_notices":[],"_links":{"self":[{"href":"https:\/\/discoversoller.com\/es\/wp-json\/wp\/v2\/pages\/5689","targetHints":{"allow":["GET"]}}],"collection":[{"href":"https:\/\/discoversoller.com\/es\/wp-json\/wp\/v2\/pages"}],"about":[{"href":"https:\/\/discoversoller.com\/es\/wp-json\/wp\/v2\/types\/page"}],"author":[{"embeddable":true,"href":"https:\/\/discoversoller.com\/es\/wp-json\/wp\/v2\/users\/1"}],"replies":[{"embeddable":true,"href":"https:\/\/discoversoller.com\/es\/wp-json\/wp\/v2\/comments?post=5689"}],"version-history":[{"count":3,"href":"https:\/\/discoversoller.com\/es\/wp-json\/wp\/v2\/pages\/5689\/revisions"}],"predecessor-version":[{"id":6196,"href":"https:\/\/discoversoller.com\/es\/wp-json\/wp\/v2\/pages\/5689\/revisions\/6196"}],"wp:featuredmedia":[{"embeddable":true,"href":"https:\/\/discoversoller.com\/es\/wp-json\/wp\/v2\/media\/5962"}],"wp:attachment":[{"href":"https:\/\/discoversoller.com\/es\/wp-json\/wp\/v2\/media?parent=5689"}],"curies":[{"name":"wp","href":"https:\/\/api.w.org\/{rel}","templated":true}]}}