{"id":8914,"date":"2025-02-24T20:20:38","date_gmt":"2025-02-24T19:20:38","guid":{"rendered":"https:\/\/discoversoller.com\/fahrradtouren-private-fahrradtouren\/"},"modified":"2025-02-24T20:29:35","modified_gmt":"2025-02-24T19:29:35","slug":"fahrradtouren-private-fahrradtouren","status":"publish","type":"page","link":"https:\/\/discoversoller.com\/de\/fahrradtouren-private-fahrradtouren\/","title":{"rendered":"Fahrradtouren. Private Fahrradtouren"},"content":{"rendered":"\t\t<div data-elementor-type=\"wp-page\" data-elementor-id=\"8914\" class=\"elementor elementor-8914 elementor-8882\" data-elementor-post-type=\"page\">\n\t\t\t\t<div class=\"elementor-element elementor-element-c730da7 e-flex e-con-boxed wpr-particle-no wpr-jarallax-no wpr-parallax-no wpr-sticky-section-no wpr-equal-height-no e-con e-parent\" data-id=\"c730da7\" data-element_type=\"container\" data-e-type=\"container\">\n\t\t\t\t\t<div class=\"e-con-inner\">\n\t\t\t\t<div class=\"elementor-element elementor-element-fcb0579 elementor-widget elementor-widget-image\" data-id=\"fcb0579\" data-element_type=\"widget\" data-e-type=\"widget\" data-widget_type=\"image.default\">\n\t\t\t\t<div class=\"elementor-widget-container\">\n\t\t\t\t\t\t\t\t\t\t\t\t\t\t\t<img fetchpriority=\"high\" decoding=\"async\" width=\"1024\" height=\"768\" src=\"https:\/\/discoversoller.com\/wp-content\/uploads\/2025\/02\/cycling5.jpg\" class=\"attachment-full size-full wp-image-8888\" alt=\"Cycling journey in Mallorca with guide.\" srcset=\"https:\/\/discoversoller.com\/wp-content\/uploads\/2025\/02\/cycling5.jpg 1024w, https:\/\/discoversoller.com\/wp-content\/uploads\/2025\/02\/cycling5-300x225.jpg 300w, https:\/\/discoversoller.com\/wp-content\/uploads\/2025\/02\/cycling5-768x576.jpg 768w, https:\/\/discoversoller.com\/wp-content\/uploads\/2025\/02\/cycling5-600x450.jpg 600w, https:\/\/discoversoller.com\/wp-content\/uploads\/2025\/02\/cycling5-800x600.jpg 800w, https:\/\/discoversoller.com\/wp-content\/uploads\/2025\/02\/cycling5-141x106.jpg 141w, https:\/\/discoversoller.com\/wp-content\/uploads\/2025\/02\/cycling5-380x285.jpg 380w, https:\/\/discoversoller.com\/wp-content\/uploads\/2025\/02\/cycling5-247x186.jpg 247w\" sizes=\"(max-width: 1024px) 100vw, 1024px\" \/>\t\t\t\t\t\t\t\t\t\t\t\t\t\t\t<\/div>\n\t\t\t\t<\/div>\n\t\t\t\t\t<\/div>\n\t\t\t\t<\/div>\n\t\t<div class=\"elementor-element elementor-element-da19361 e-flex e-con-boxed wpr-particle-no wpr-jarallax-no wpr-parallax-no wpr-sticky-section-no wpr-equal-height-no e-con e-parent\" data-id=\"da19361\" data-element_type=\"container\" data-e-type=\"container\">\n\t\t\t\t\t<div class=\"e-con-inner\">\n\t\t\t\t<div class=\"elementor-element elementor-element-1a9d701 elementor-widget-divider--view-line elementor-widget elementor-widget-divider\" data-id=\"1a9d701\" data-element_type=\"widget\" data-e-type=\"widget\" data-widget_type=\"divider.default\">\n\t\t\t\t<div class=\"elementor-widget-container\">\n\t\t\t\t\t\t\t<div class=\"elementor-divider\">\n\t\t\t<span class=\"elementor-divider-separator\">\n\t\t\t\t\t\t<\/span>\n\t\t<\/div>\n\t\t\t\t\t\t<\/div>\n\t\t\t\t<\/div>\n\t\t\t\t\t<\/div>\n\t\t\t\t<\/div>\n\t\t<div class=\"elementor-element elementor-element-75d1739 e-flex e-con-boxed wpr-particle-no wpr-jarallax-no wpr-parallax-no wpr-sticky-section-no wpr-equal-height-no e-con e-parent\" data-id=\"75d1739\" data-element_type=\"container\" data-e-type=\"container\">\n\t\t\t\t\t<div class=\"e-con-inner\">\n\t\t\t\t<div class=\"elementor-element elementor-element-e789ae0 elementor-widget elementor-widget-heading\" data-id=\"e789ae0\" data-element_type=\"widget\" data-e-type=\"widget\" data-widget_type=\"heading.default\">\n\t\t\t\t<div class=\"elementor-widget-container\">\n\t\t\t\t\t<h2 class=\"elementor-heading-title elementor-size-default\">PRIVATE FAHRRADTOUREN <\/h2>\t\t\t\t<\/div>\n\t\t\t\t<\/div>\n\t\t\t\t<div class=\"elementor-element elementor-element-3b95aeb elementor-widget-divider--view-line elementor-widget elementor-widget-divider\" data-id=\"3b95aeb\" data-element_type=\"widget\" data-e-type=\"widget\" data-widget_type=\"divider.default\">\n\t\t\t\t<div class=\"elementor-widget-container\">\n\t\t\t\t\t\t\t<div class=\"elementor-divider\">\n\t\t\t<span class=\"elementor-divider-separator\">\n\t\t\t\t\t\t<\/span>\n\t\t<\/div>\n\t\t\t\t\t\t<\/div>\n\t\t\t\t<\/div>\n\t\t\t\t\t<\/div>\n\t\t\t\t<\/div>\n\t\t<div class=\"elementor-element elementor-element-546c20e e-flex e-con-boxed wpr-particle-no wpr-jarallax-no wpr-parallax-no wpr-sticky-section-no wpr-equal-height-no e-con e-parent\" data-id=\"546c20e\" data-element_type=\"container\" data-e-type=\"container\">\n\t\t\t\t\t<div class=\"e-con-inner\">\n\t\t<div class=\"elementor-element elementor-element-4ad3fcc e-con-full e-flex wpr-particle-no wpr-jarallax-no wpr-parallax-no wpr-sticky-section-no wpr-equal-height-no e-con e-child\" data-id=\"4ad3fcc\" data-element_type=\"container\" data-e-type=\"container\">\n\t\t\t\t<div class=\"elementor-element elementor-element-83564d5 elementor-widget elementor-widget-gallery\" data-id=\"83564d5\" data-element_type=\"widget\" data-e-type=\"widget\" data-settings=\"{&quot;gallery_layout&quot;:&quot;justified&quot;,&quot;lazyload&quot;:&quot;yes&quot;,&quot;ideal_row_height&quot;:{&quot;unit&quot;:&quot;px&quot;,&quot;size&quot;:200,&quot;sizes&quot;:[]},&quot;ideal_row_height_tablet&quot;:{&quot;unit&quot;:&quot;px&quot;,&quot;size&quot;:150,&quot;sizes&quot;:[]},&quot;ideal_row_height_mobile&quot;:{&quot;unit&quot;:&quot;px&quot;,&quot;size&quot;:150,&quot;sizes&quot;:[]},&quot;gap&quot;:{&quot;unit&quot;:&quot;px&quot;,&quot;size&quot;:10,&quot;sizes&quot;:[]},&quot;gap_tablet&quot;:{&quot;unit&quot;:&quot;px&quot;,&quot;size&quot;:10,&quot;sizes&quot;:[]},&quot;gap_mobile&quot;:{&quot;unit&quot;:&quot;px&quot;,&quot;size&quot;:10,&quot;sizes&quot;:[]},&quot;link_to&quot;:&quot;file&quot;,&quot;overlay_background&quot;:&quot;yes&quot;,&quot;content_hover_animation&quot;:&quot;fade-in&quot;}\" data-widget_type=\"gallery.default\">\n\t\t\t\t<div class=\"elementor-widget-container\">\n\t\t\t\t\t\t\t<div class=\"elementor-gallery__container\">\n\t\t\t\t\t\t\t<a class=\"e-gallery-item elementor-gallery-item elementor-animated-content\" href=\"https:\/\/discoversoller.com\/wp-content\/uploads\/2025\/02\/andratx-1.jpg\" data-elementor-open-lightbox=\"yes\" data-elementor-lightbox-slideshow=\"83564d5\" data-elementor-lightbox-title=\"andratx\" data-e-action-hash=\"#elementor-action%3Aaction%3Dlightbox%26settings%3DeyJpZCI6ODg5MCwidXJsIjoiaHR0cHM6XC9cL2Rpc2NvdmVyc29sbGVyLmNvbVwvd3AtY29udGVudFwvdXBsb2Fkc1wvMjAyNVwvMDJcL2FuZHJhdHgtMS5qcGciLCJzbGlkZXNob3ciOiI4MzU2NGQ1In0%3D\">\n\t\t\t\t\t<div class=\"e-gallery-image elementor-gallery-item__image\" data-thumbnail=\"https:\/\/discoversoller.com\/wp-content\/uploads\/2025\/02\/andratx-1.jpg\" data-width=\"403\" data-height=\"894\" aria-label=\"Road in the Serra de Tramuntana.\" role=\"img\" ><\/div>\n\t\t\t\t\t\t\t\t\t\t\t<div class=\"elementor-gallery-item__overlay\"><\/div>\n\t\t\t\t\t\t\t\t\t\t\t\t\t\t<\/a>\n\t\t\t\t\t\t\t<a class=\"e-gallery-item elementor-gallery-item elementor-animated-content\" href=\"https:\/\/discoversoller.com\/wp-content\/uploads\/2025\/02\/cycling-3-640x640-1.jpg\" data-elementor-open-lightbox=\"yes\" data-elementor-lightbox-slideshow=\"83564d5\" data-elementor-lightbox-title=\"cycling-3-640x640\" data-e-action-hash=\"#elementor-action%3Aaction%3Dlightbox%26settings%3DeyJpZCI6ODcwNiwidXJsIjoiaHR0cHM6XC9cL2Rpc2NvdmVyc29sbGVyLmNvbVwvd3AtY29udGVudFwvdXBsb2Fkc1wvMjAyNVwvMDJcL2N5Y2xpbmctMy02NDB4NjQwLTEuanBnIiwic2xpZGVzaG93IjoiODM1NjRkNSJ9\">\n\t\t\t\t\t<div class=\"e-gallery-image elementor-gallery-item__image\" data-thumbnail=\"https:\/\/discoversoller.com\/wp-content\/uploads\/2025\/02\/cycling-3-640x640-1.jpg\" data-width=\"640\" data-height=\"640\" aria-label=\"Exploring Mallorca\u2019s hidden cycling trails on a guided bike tour\" role=\"img\" ><\/div>\n\t\t\t\t\t\t\t\t\t\t\t<div class=\"elementor-gallery-item__overlay\"><\/div>\n\t\t\t\t\t\t\t\t\t\t\t\t\t\t<\/a>\n\t\t\t\t\t\t\t<a class=\"e-gallery-item elementor-gallery-item elementor-animated-content\" href=\"https:\/\/discoversoller.com\/wp-content\/uploads\/2025\/02\/mayors.jpg\" data-elementor-open-lightbox=\"yes\" data-elementor-lightbox-slideshow=\"83564d5\" data-elementor-lightbox-title=\"mayors\" data-e-action-hash=\"#elementor-action%3Aaction%3Dlightbox%26settings%3DeyJpZCI6ODg4NCwidXJsIjoiaHR0cHM6XC9cL2Rpc2NvdmVyc29sbGVyLmNvbVwvd3AtY29udGVudFwvdXBsb2Fkc1wvMjAyNVwvMDJcL21heW9ycy5qcGciLCJzbGlkZXNob3ciOiI4MzU2NGQ1In0%3D\">\n\t\t\t\t\t<div class=\"e-gallery-image elementor-gallery-item__image\" data-thumbnail=\"https:\/\/discoversoller.com\/wp-content\/uploads\/2025\/02\/mayors.jpg\" data-width=\"396\" data-height=\"275\" aria-label=\"Puig Major road, a perfect spot for cycling training in Mallorca, Spain.\" role=\"img\" ><\/div>\n\t\t\t\t\t\t\t\t\t\t\t<div class=\"elementor-gallery-item__overlay\"><\/div>\n\t\t\t\t\t\t\t\t\t\t\t\t\t\t<\/a>\n\t\t\t\t\t\t\t<a class=\"e-gallery-item elementor-gallery-item elementor-animated-content\" href=\"https:\/\/discoversoller.com\/wp-content\/uploads\/2025\/02\/transfers.jpg\" data-elementor-open-lightbox=\"yes\" data-elementor-lightbox-slideshow=\"83564d5\" data-elementor-lightbox-title=\"transfers\" data-e-action-hash=\"#elementor-action%3Aaction%3Dlightbox%26settings%3DeyJpZCI6ODczMCwidXJsIjoiaHR0cHM6XC9cL2Rpc2NvdmVyc29sbGVyLmNvbVwvd3AtY29udGVudFwvdXBsb2Fkc1wvMjAyNVwvMDJcL3RyYW5zZmVycy5qcGciLCJzbGlkZXNob3ciOiI4MzU2NGQ1In0%3D\">\n\t\t\t\t\t<div class=\"e-gallery-image elementor-gallery-item__image\" data-thumbnail=\"https:\/\/discoversoller.com\/wp-content\/uploads\/2025\/02\/transfers.jpg\" data-width=\"403\" data-height=\"894\" aria-label=\"Group of bikers starting a tour in the roads of the Serra de Tramuntana\" role=\"img\" ><\/div>\n\t\t\t\t\t\t\t\t\t\t\t<div class=\"elementor-gallery-item__overlay\"><\/div>\n\t\t\t\t\t\t\t\t\t\t\t\t\t\t<\/a>\n\t\t\t\t\t\t\t<a class=\"e-gallery-item elementor-gallery-item elementor-animated-content\" href=\"https:\/\/discoversoller.com\/wp-content\/uploads\/2025\/02\/mtbnontech-e1699949755153-864x1280-1.jpg\" data-elementor-open-lightbox=\"yes\" data-elementor-lightbox-slideshow=\"83564d5\" data-elementor-lightbox-title=\"mtbnontech-e1699949755153-864x1280\" data-e-action-hash=\"#elementor-action%3Aaction%3Dlightbox%26settings%3DeyJpZCI6ODc1MywidXJsIjoiaHR0cHM6XC9cL2Rpc2NvdmVyc29sbGVyLmNvbVwvd3AtY29udGVudFwvdXBsb2Fkc1wvMjAyNVwvMDJcL210Ym5vbnRlY2gtZTE2OTk5NDk3NTUxNTMtODY0eDEyODAtMS5qcGciLCJzbGlkZXNob3ciOiI4MzU2NGQ1In0%3D\">\n\t\t\t\t\t<div class=\"e-gallery-image elementor-gallery-item__image\" data-thumbnail=\"https:\/\/discoversoller.com\/wp-content\/uploads\/2025\/02\/mtbnontech-e1699949755153-864x1280-1.jpg\" data-width=\"864\" data-height=\"1280\" aria-label=\"Bike tours in S\u00f3ller with the Tramuntana mountains at the background.\" role=\"img\" ><\/div>\n\t\t\t\t\t\t\t\t\t\t\t<div class=\"elementor-gallery-item__overlay\"><\/div>\n\t\t\t\t\t\t\t\t\t\t\t\t\t\t<\/a>\n\t\t\t\t\t\t\t<a class=\"e-gallery-item elementor-gallery-item elementor-animated-content\" href=\"https:\/\/discoversoller.com\/wp-content\/uploads\/2025\/02\/mayor2.jpg\" data-elementor-open-lightbox=\"yes\" data-elementor-lightbox-slideshow=\"83564d5\" data-elementor-lightbox-title=\"mayor2\" data-e-action-hash=\"#elementor-action%3Aaction%3Dlightbox%26settings%3DeyJpZCI6ODg5NiwidXJsIjoiaHR0cHM6XC9cL2Rpc2NvdmVyc29sbGVyLmNvbVwvd3AtY29udGVudFwvdXBsb2Fkc1wvMjAyNVwvMDJcL21heW9yMi5qcGciLCJzbGlkZXNob3ciOiI4MzU2NGQ1In0%3D\">\n\t\t\t\t\t<div class=\"e-gallery-image elementor-gallery-item__image\" data-thumbnail=\"https:\/\/discoversoller.com\/wp-content\/uploads\/2025\/02\/mayor2.jpg\" data-width=\"399\" data-height=\"680\" aria-label=\"Cycling tours in the beautiful S\u00f3ller valley with Port the S\u00f3ller in the background.\" role=\"img\" ><\/div>\n\t\t\t\t\t\t\t\t\t\t\t<div class=\"elementor-gallery-item__overlay\"><\/div>\n\t\t\t\t\t\t\t\t\t\t\t\t\t\t<\/a>\n\t\t\t\t\t\t\t<a class=\"e-gallery-item elementor-gallery-item elementor-animated-content\" href=\"https:\/\/discoversoller.com\/wp-content\/uploads\/2025\/02\/gramola.jpg\" data-elementor-open-lightbox=\"yes\" data-elementor-lightbox-slideshow=\"83564d5\" data-elementor-lightbox-title=\"gramola\" data-e-action-hash=\"#elementor-action%3Aaction%3Dlightbox%26settings%3DeyJpZCI6ODg5MywidXJsIjoiaHR0cHM6XC9cL2Rpc2NvdmVyc29sbGVyLmNvbVwvd3AtY29udGVudFwvdXBsb2Fkc1wvMjAyNVwvMDJcL2dyYW1vbGEuanBnIiwic2xpZGVzaG93IjoiODM1NjRkNSJ9\">\n\t\t\t\t\t<div class=\"e-gallery-image elementor-gallery-item__image\" data-thumbnail=\"https:\/\/discoversoller.com\/wp-content\/uploads\/2025\/02\/gramola.jpg\" data-width=\"1861\" data-height=\"859\" aria-label=\"Mallorcan Bike tours with guide.\" role=\"img\" ><\/div>\n\t\t\t\t\t\t\t\t\t\t\t<div class=\"elementor-gallery-item__overlay\"><\/div>\n\t\t\t\t\t\t\t\t\t\t\t\t\t\t<\/a>\n\t\t\t\t\t<\/div>\n\t\t\t\t\t<\/div>\n\t\t\t\t<\/div>\n\t\t\t\t<\/div>\n\t\t<div class=\"elementor-element elementor-element-a2a08f7 e-con-full e-flex wpr-particle-no wpr-jarallax-no wpr-parallax-no wpr-sticky-section-no wpr-equal-height-no e-con e-child\" data-id=\"a2a08f7\" data-element_type=\"container\" data-e-type=\"container\">\n\t\t\t\t<div class=\"elementor-element elementor-element-d3844c3 elementor-widget elementor-widget-heading\" data-id=\"d3844c3\" data-element_type=\"widget\" data-e-type=\"widget\" data-widget_type=\"heading.default\">\n\t\t\t\t<div class=\"elementor-widget-container\">\n\t\t\t\t\t<h2 class=\"elementor-heading-title elementor-size-default\">ROAD \u2013 GRAVEL \u2013 MTB \u2013 EBIKE <\/h2>\t\t\t\t<\/div>\n\t\t\t\t<\/div>\n\t\t\t\t<div class=\"elementor-element elementor-element-97d9370 elementor-widget-divider--view-line elementor-widget elementor-widget-divider\" data-id=\"97d9370\" data-element_type=\"widget\" data-e-type=\"widget\" data-widget_type=\"divider.default\">\n\t\t\t\t<div class=\"elementor-widget-container\">\n\t\t\t\t\t\t\t<div class=\"elementor-divider\">\n\t\t\t<span class=\"elementor-divider-separator\">\n\t\t\t\t\t\t<\/span>\n\t\t<\/div>\n\t\t\t\t\t\t<\/div>\n\t\t\t\t<\/div>\n\t\t\t\t<div class=\"elementor-element elementor-element-9f7d42a elementor-widget elementor-widget-text-editor\" data-id=\"9f7d42a\" data-element_type=\"widget\" data-e-type=\"widget\" data-widget_type=\"text-editor.default\">\n\t\t\t\t<div class=\"elementor-widget-container\">\n\t\t\t\t\t\t\t\t\t<p><strong>Wir bieten private F\u00fchrungen<\/strong> f\u00fcr alle Niveaus und alle Arten von Fahrten an.<\/p><p>Ob du deine Stra\u00dfenradf\u00e4higkeiten <strong>verbessern m\u00f6chtest<\/strong>, einige der erstaunlichen<strong> Schotterwege <\/strong>Mallorcas finden, die <strong>W\u00e4lder<\/strong> mit einem<strong> Mountainbike<\/strong> erkunden oder eine gef\u00fchrte Freizeitfahrt mit einem gro\u00dfartigen Kaffeestopp genie\u00dfen m\u00f6chtest, wir haben den perfekten Guide f\u00fcr dich und passen deine Tour individuell an.<\/p>\t\t\t\t\t\t\t\t<\/div>\n\t\t\t\t<\/div>\n\t\t\t\t<div class=\"elementor-element elementor-element-18ca1a6 elementor-widget elementor-widget-spacer\" data-id=\"18ca1a6\" data-element_type=\"widget\" data-e-type=\"widget\" data-widget_type=\"spacer.default\">\n\t\t\t\t<div class=\"elementor-widget-container\">\n\t\t\t\t\t\t\t<div class=\"elementor-spacer\">\n\t\t\t<div class=\"elementor-spacer-inner\"><\/div>\n\t\t<\/div>\n\t\t\t\t\t\t<\/div>\n\t\t\t\t<\/div>\n\t\t\t\t<div class=\"elementor-element elementor-element-5b757d3 elementor-view-default elementor-position-block-start elementor-mobile-position-block-start elementor-widget elementor-widget-icon-box\" data-id=\"5b757d3\" data-element_type=\"widget\" data-e-type=\"widget\" data-widget_type=\"icon-box.default\">\n\t\t\t\t<div class=\"elementor-widget-container\">\n\t\t\t\t\t\t\t<div class=\"elementor-icon-box-wrapper\">\n\n\t\t\t\t\t\t<div class=\"elementor-icon-box-icon\">\n\t\t\t\t<span  class=\"elementor-icon\">\n\t\t\t\t<i aria-hidden=\"true\" class=\"far fa-lightbulb\"><\/i>\t\t\t\t<\/span>\n\t\t\t<\/div>\n\t\t\t\n\t\t\t\t\t\t<div class=\"elementor-icon-box-content\">\n\n\t\t\t\t\n\t\t\t\t\t\t\t\t\t<p class=\"elementor-icon-box-description\">\n\t\t\t\t\t\tPrivater Fahrradf\u00fchrer bis zu 4 Stunden ab 180 \u20ac jede weitere Stunde 35 \u20ac.\nNur Transferpreise auf Anfrage.\t\t\t\t\t<\/p>\n\t\t\t\t\n\t\t\t<\/div>\n\t\t\t\n\t\t<\/div>\n\t\t\t\t\t\t<\/div>\n\t\t\t\t<\/div>\n\t\t\t\t<\/div>\n\t\t\t\t\t<\/div>\n\t\t\t\t<\/div>\n\t\t\t\t<\/div>\n\t\t","protected":false},"excerpt":{"rendered":"<p>PRIVATE FAHRRADTOUREN ROAD \u2013 GRAVEL \u2013 MTB \u2013 EBIKE Wir bieten private F\u00fchrungen f\u00fcr alle Niveaus und alle Arten von Fahrten an. Ob du deine Stra\u00dfenradf\u00e4higkeiten verbessern m\u00f6chtest, einige der erstaunlichen Schotterwege Mallorcas finden, die W\u00e4lder mit einem Mountainbike erkunden oder eine gef\u00fchrte Freizeitfahrt mit einem gro\u00dfartigen Kaffeestopp genie\u00dfen m\u00f6chtest, wir haben den perfekten Guide f\u00fcr dich und passen deine Tour individuell an. Privater Fahrradf\u00fchrer bis zu 4 Stunden ab 180 \u20ac jede weitere Stunde 35 \u20ac. Nur Transferpreise auf Anfrage.<\/p>\n","protected":false},"author":3,"featured_media":8710,"parent":0,"menu_order":0,"comment_status":"closed","ping_status":"closed","template":"elementor_header_footer","meta":{"_monsterinsights_skip_tracking":false,"_monsterinsights_sitenote_active":false,"_monsterinsights_sitenote_note":"","_monsterinsights_sitenote_category":0,"footnotes":""},"class_list":["post-8914","page","type-page","status-publish","has-post-thumbnail","hentry"],"aioseo_notices":[],"_links":{"self":[{"href":"https:\/\/discoversoller.com\/de\/wp-json\/wp\/v2\/pages\/8914","targetHints":{"allow":["GET"]}}],"collection":[{"href":"https:\/\/discoversoller.com\/de\/wp-json\/wp\/v2\/pages"}],"about":[{"href":"https:\/\/discoversoller.com\/de\/wp-json\/wp\/v2\/types\/page"}],"author":[{"embeddable":true,"href":"https:\/\/discoversoller.com\/de\/wp-json\/wp\/v2\/users\/3"}],"replies":[{"embeddable":true,"href":"https:\/\/discoversoller.com\/de\/wp-json\/wp\/v2\/comments?post=8914"}],"version-history":[{"count":1,"href":"https:\/\/discoversoller.com\/de\/wp-json\/wp\/v2\/pages\/8914\/revisions"}],"predecessor-version":[{"id":8915,"href":"https:\/\/discoversoller.com\/de\/wp-json\/wp\/v2\/pages\/8914\/revisions\/8915"}],"wp:featuredmedia":[{"embeddable":true,"href":"https:\/\/discoversoller.com\/de\/wp-json\/wp\/v2\/media\/8710"}],"wp:attachment":[{"href":"https:\/\/discoversoller.com\/de\/wp-json\/wp\/v2\/media?parent=8914"}],"curies":[{"name":"wp","href":"https:\/\/api.w.org\/{rel}","templated":true}]}}