{"id":5891,"date":"2024-10-06T19:33:54","date_gmt":"2024-10-06T17:33:54","guid":{"rendered":"https:\/\/discoversoller.com\/kostenloser-reisefuehrer-mallorca\/"},"modified":"2024-12-11T20:01:33","modified_gmt":"2024-12-11T19:01:33","slug":"kostenloser-reisefuehrer-mallorca","status":"publish","type":"page","link":"https:\/\/discoversoller.com\/de\/kostenloser-reisefuehrer-mallorca\/","title":{"rendered":"Kostenloser Reisef\u00fchrer Mallorca"},"content":{"rendered":"\t\t<div data-elementor-type=\"wp-page\" data-elementor-id=\"5891\" class=\"elementor elementor-5891 elementor-3443\" data-elementor-post-type=\"page\">\n\t\t\t\t<div class=\"elementor-element elementor-element-aaad5b8 e-flex e-con-boxed wpr-particle-no wpr-jarallax-no wpr-parallax-no wpr-sticky-section-no e-con e-parent\" data-id=\"aaad5b8\" data-element_type=\"container\" data-e-type=\"container\">\n\t\t\t\t\t<div class=\"e-con-inner\">\n\t\t\t\t<div class=\"elementor-element elementor-element-5d9a4ce elementor-widget elementor-widget-heading\" data-id=\"5d9a4ce\" data-element_type=\"widget\" data-e-type=\"widget\" data-widget_type=\"heading.default\">\n\t\t\t\t<div class=\"elementor-widget-container\">\n\t\t\t\t\t<h2 class=\"elementor-heading-title elementor-size-default\">HOLEN SIE SICH IHREN KOSTENLOSEN LEITFADEN<\/h2>\t\t\t\t<\/div>\n\t\t\t\t<\/div>\n\t\t\t\t<div class=\"elementor-element elementor-element-9b01bc6 elementor-widget elementor-widget-heading\" data-id=\"9b01bc6\" data-element_type=\"widget\" data-e-type=\"widget\" data-widget_type=\"heading.default\">\n\t\t\t\t<div class=\"elementor-widget-container\">\n\t\t\t\t\t<h2 class=\"elementor-heading-title elementor-size-default\">Wie funktioniert das?<\/h2>\t\t\t\t<\/div>\n\t\t\t\t<\/div>\n\t\t\t\t\t<\/div>\n\t\t\t\t<\/div>\n\t\t<div class=\"elementor-element elementor-element-2ef182a e-flex e-con-boxed wpr-particle-no wpr-jarallax-no wpr-parallax-no wpr-sticky-section-no e-con e-parent\" data-id=\"2ef182a\" data-element_type=\"container\" data-e-type=\"container\">\n\t\t\t\t\t<div class=\"e-con-inner\">\n\t\t\t\t<div class=\"elementor-element elementor-element-ccddc40 elementor-widget elementor-widget-text-editor\" data-id=\"ccddc40\" data-element_type=\"widget\" data-e-type=\"widget\" data-widget_type=\"text-editor.default\">\n\t\t\t\t<div class=\"elementor-widget-container\">\n\t\t\t\t\t\t\t\t\t<p><strong>1 Schritt &#8211; <\/strong> Buchen Sie Ihr Hotel \u00fcber uns an einem der hier aufgef\u00fchrten Reiseziele. Wenn Ihr Reiseziel nicht angezeigt wird, aber auf Mallorca liegt, <a href=\"https:\/\/discoversoller.com\/de\/kontaktieren-sie-uns\/\" target=\"_blank\" rel=\"noopener\">kontaktieren Sie uns<\/a> und wir werden Ihnen helfen! Sie k\u00f6nnen mit dem <a href=\"https:\/\/discoversoller.com\/de\/angebote\/\" target=\"_blank\" rel=\"noopener\">Rabattcode<\/a> buchen, den wir f\u00fcr einige Hotels haben, oder wenn nicht, stellen Sie uns eine <a href=\"https:\/\/forms.zohopublic.eu\/discoversller\/form\/ReservationRequest\/formperma\/eci5gvXBKgvPZKnb9HKxj9nWuFiMweparUeyAc6Gxxc\" target=\"_blank\" rel=\"noopener\">Anfrage f\u00fcr<\/a> Ihr <a href=\"https:\/\/forms.zohopublic.eu\/discoversller\/form\/ReservationRequest\/formperma\/eci5gvXBKgvPZKnb9HKxj9nWuFiMweparUeyAc6Gxxc\" target=\"_blank\" rel=\"noopener\">Lieblingshotel<\/a>.  <\/p>\n<p><strong>2 Schritt<\/strong> &#8211; Sobald Sie Ihre Buchung vorgenommen haben. Kontaktieren Sie uns per E-Mail an <a href=\"mailto:info@discoversoller.com\" target=\"_blank\" rel=\"noopener\">info@discoversoller.com<\/a> und f\u00fcgen Sie Ihre Buchungsbest\u00e4tigung bei. Wir werden Ihnen Ihren Reisef\u00fchrer innerhalb von 24 &#8211; 48 Stunden zusenden. <\/p>\n\t\t\t\t\t\t\t\t<\/div>\n\t\t\t\t<\/div>\n\t\t\t\t\t<\/div>\n\t\t\t\t<\/div>\n\t\t\t\t<\/div>\n\t\t","protected":false},"excerpt":{"rendered":"<p>HOLEN SIE SICH IHREN KOSTENLOSEN LEITFADEN Wie funktioniert das? 1 Schritt &#8211; Buchen Sie Ihr Hotel \u00fcber uns an einem der hier aufgef\u00fchrten Reiseziele. Wenn Ihr Reiseziel nicht angezeigt wird, aber auf Mallorca liegt, kontaktieren Sie uns und wir werden Ihnen helfen! Sie k\u00f6nnen mit dem Rabattcode buchen, den wir f\u00fcr einige Hotels haben, oder wenn nicht, stellen Sie uns eine Anfrage f\u00fcr Ihr Lieblingshotel. 2 Schritt &#8211; Sobald Sie Ihre Buchung vorgenommen haben. Kontaktieren Sie uns per E-Mail an info@discoversoller.com und f\u00fcgen Sie Ihre Buchungsbest\u00e4tigung bei. Wir werden Ihnen Ihren Reisef\u00fchrer innerhalb von 24 &#8211; 48 Stunden zusenden.<\/p>\n","protected":false},"author":1,"featured_media":0,"parent":0,"menu_order":0,"comment_status":"closed","ping_status":"closed","template":"elementor_header_footer","meta":{"_monsterinsights_skip_tracking":false,"_monsterinsights_sitenote_active":false,"_monsterinsights_sitenote_note":"","_monsterinsights_sitenote_category":0,"footnotes":""},"class_list":["post-5891","page","type-page","status-publish","hentry"],"aioseo_notices":[],"_links":{"self":[{"href":"https:\/\/discoversoller.com\/de\/wp-json\/wp\/v2\/pages\/5891","targetHints":{"allow":["GET"]}}],"collection":[{"href":"https:\/\/discoversoller.com\/de\/wp-json\/wp\/v2\/pages"}],"about":[{"href":"https:\/\/discoversoller.com\/de\/wp-json\/wp\/v2\/types\/page"}],"author":[{"embeddable":true,"href":"https:\/\/discoversoller.com\/de\/wp-json\/wp\/v2\/users\/1"}],"replies":[{"embeddable":true,"href":"https:\/\/discoversoller.com\/de\/wp-json\/wp\/v2\/comments?post=5891"}],"version-history":[{"count":1,"href":"https:\/\/discoversoller.com\/de\/wp-json\/wp\/v2\/pages\/5891\/revisions"}],"predecessor-version":[{"id":5893,"href":"https:\/\/discoversoller.com\/de\/wp-json\/wp\/v2\/pages\/5891\/revisions\/5893"}],"wp:attachment":[{"href":"https:\/\/discoversoller.com\/de\/wp-json\/wp\/v2\/media?parent=5891"}],"curies":[{"name":"wp","href":"https:\/\/api.w.org\/{rel}","templated":true}]}}