{"id":5677,"date":"2024-10-14T19:13:43","date_gmt":"2024-10-14T17:13:43","guid":{"rendered":"https:\/\/discoversoller.com\/wie-benutzen\/"},"modified":"2024-12-11T17:20:06","modified_gmt":"2024-12-11T16:20:06","slug":"wie-benutzen","status":"publish","type":"page","link":"https:\/\/discoversoller.com\/de\/wie-benutzen\/","title":{"rendered":"WIE BENUTZEN"},"content":{"rendered":"\t\t<div data-elementor-type=\"wp-page\" data-elementor-id=\"5677\" class=\"elementor elementor-5677\" data-elementor-post-type=\"page\">\n\t\t\t\t<div class=\"elementor-element elementor-element-01c8c2e e-flex e-con-boxed wpr-particle-no wpr-jarallax-no wpr-parallax-no wpr-sticky-section-no wpr-equal-height-no e-con e-parent\" data-id=\"01c8c2e\" data-element_type=\"container\" data-e-type=\"container\">\n\t\t\t\t\t<div class=\"e-con-inner\">\n\t\t\t\t<div class=\"elementor-element elementor-element-65300ec elementor-widget elementor-widget-heading\" data-id=\"65300ec\" data-element_type=\"widget\" data-e-type=\"widget\" data-widget_type=\"heading.default\">\n\t\t\t\t<div class=\"elementor-widget-container\">\n\t\t\t\t\t<h2 class=\"elementor-heading-title elementor-size-default\">WIE BENUTZEN<\/h2>\t\t\t\t<\/div>\n\t\t\t\t<\/div>\n\t\t\t\t\t<\/div>\n\t\t\t\t<\/div>\n\t\t<div class=\"elementor-element elementor-element-7a9e66a e-flex e-con-boxed wpr-particle-no wpr-jarallax-no wpr-parallax-no wpr-sticky-section-no wpr-equal-height-no e-con e-parent\" data-id=\"7a9e66a\" data-element_type=\"container\" data-e-type=\"container\">\n\t\t\t\t\t<div class=\"e-con-inner\">\n\t\t\t\t<div class=\"elementor-element elementor-element-52ba61c elementor-widget elementor-widget-text-editor\" data-id=\"52ba61c\" data-element_type=\"widget\" data-e-type=\"widget\" data-widget_type=\"text-editor.default\">\n\t\t\t\t<div class=\"elementor-widget-container\">\n\t\t\t\t\t\t\t\t\t<h2>RABATTCODE<\/h2>\n<p>F\u00fcr einige Hotels haben wir exklusive Rabattcodes, die Sie nur auf unserer Website finden k\u00f6nnen <strong><a href=\"https:\/\/discoversoller.com\/offers\/\" target=\"_blank\" rel=\"noopener\">Website hier<\/a><\/strong>.<\/p>\n<ol>\n<li>Kopieren Sie den Rabatt<\/li>\n<li>Besuchen Sie die Hotelseite und geben Sie w\u00e4hrend des Buchungsvorgangs den Rabattcode ein<\/li>\n<li>  Sie erhalten automatisch die erm\u00e4\u00dfigten Preise und k\u00f6nnen auf der gleichen Hotel-Website buchen.<\/li>\n<\/ol>\n\t\t\t\t\t\t\t\t<\/div>\n\t\t\t\t<\/div>\n\t\t\t\t\t<\/div>\n\t\t\t\t<\/div>\n\t\t<div class=\"elementor-element elementor-element-530247b e-flex e-con-boxed wpr-particle-no wpr-jarallax-no wpr-parallax-no wpr-sticky-section-no wpr-equal-height-no e-con e-parent\" data-id=\"530247b\" data-element_type=\"container\" data-e-type=\"container\">\n\t\t\t\t\t<div class=\"e-con-inner\">\n\t\t\t\t<div class=\"elementor-element elementor-element-5ec475c elementor-widget-divider--view-line elementor-widget elementor-widget-divider\" data-id=\"5ec475c\" data-element_type=\"widget\" data-e-type=\"widget\" data-widget_type=\"divider.default\">\n\t\t\t\t<div class=\"elementor-widget-container\">\n\t\t\t\t\t\t\t<div class=\"elementor-divider\">\n\t\t\t<span class=\"elementor-divider-separator\">\n\t\t\t\t\t\t<\/span>\n\t\t<\/div>\n\t\t\t\t\t\t<\/div>\n\t\t\t\t<\/div>\n\t\t\t\t\t<\/div>\n\t\t\t\t<\/div>\n\t\t<div class=\"elementor-element elementor-element-086cc9f e-flex e-con-boxed wpr-particle-no wpr-jarallax-no wpr-parallax-no wpr-sticky-section-no wpr-equal-height-no e-con e-parent\" data-id=\"086cc9f\" data-element_type=\"container\" data-e-type=\"container\">\n\t\t\t\t\t<div class=\"e-con-inner\">\n\t\t\t\t<div class=\"elementor-element elementor-element-c37ba47 elementor-widget elementor-widget-text-editor\" data-id=\"c37ba47\" data-element_type=\"widget\" data-e-type=\"widget\" data-widget_type=\"text-editor.default\">\n\t\t\t\t<div class=\"elementor-widget-container\">\n\t\t\t\t\t\t\t\t\t<h2>ANFRAGE SENDEN<\/h2>\n<p>Wir kennen die Hotels, die wir anbieten, pers\u00f6nlich, haben Zugang zu ihrer vollen Verf\u00fcgbarkeit und k\u00f6nnen alles effizient f\u00fcr Sie organisieren.<\/p>\n<ol>\n<li>W\u00e4hlen Sie Ihr gew\u00fcnschtes Hotel aus <a href=\"https:\/\/discoversoller.com\/de\/hotels\/\" target=\"_blank\" rel=\"noopener\">unserer Hotelauswahl.<\/a><\/li>\n<li>  Klicken Sie auf die Schaltfl\u00e4che &#8220;Anfrage stellen&#8221;.<\/li>\n<li>  F\u00fcllen Sie das Formular aus und senden Sie Ihre Anfrage ab<\/li>\n<li>Pr\u00fcfen Sie Ihren Posteingang auf unsere E-Mail mit Preisen und Verf\u00fcgbarkeit. Wir werden Sie innerhalb der n\u00e4chsten Stunden oder maximal 48 Stunden kontaktieren.<\/li>\n<\/ol>\n\t\t\t\t\t\t\t\t<\/div>\n\t\t\t\t<\/div>\n\t\t\t\t\t<\/div>\n\t\t\t\t<\/div>\n\t\t<div class=\"elementor-element elementor-element-a19ca3d e-flex e-con-boxed wpr-particle-no wpr-jarallax-no wpr-parallax-no wpr-sticky-section-no wpr-equal-height-no e-con e-parent\" data-id=\"a19ca3d\" data-element_type=\"container\" data-e-type=\"container\">\n\t\t\t\t\t<div class=\"e-con-inner\">\n\t\t\t\t<div class=\"elementor-element elementor-element-3b0f91a elementor-widget-divider--view-line elementor-widget elementor-widget-divider\" data-id=\"3b0f91a\" data-element_type=\"widget\" data-e-type=\"widget\" data-widget_type=\"divider.default\">\n\t\t\t\t<div class=\"elementor-widget-container\">\n\t\t\t\t\t\t\t<div class=\"elementor-divider\">\n\t\t\t<span class=\"elementor-divider-separator\">\n\t\t\t\t\t\t<\/span>\n\t\t<\/div>\n\t\t\t\t\t\t<\/div>\n\t\t\t\t<\/div>\n\t\t\t\t\t<\/div>\n\t\t\t\t<\/div>\n\t\t<div class=\"elementor-element elementor-element-66690c2 e-flex e-con-boxed wpr-particle-no wpr-jarallax-no wpr-parallax-no wpr-sticky-section-no wpr-equal-height-no e-con e-parent\" data-id=\"66690c2\" data-element_type=\"container\" data-e-type=\"container\">\n\t\t\t\t\t<div class=\"e-con-inner\">\n\t\t\t\t<div class=\"elementor-element elementor-element-7fb25fc elementor-widget elementor-widget-text-editor\" data-id=\"7fb25fc\" data-element_type=\"widget\" data-e-type=\"widget\" data-widget_type=\"text-editor.default\">\n\t\t\t\t<div class=\"elementor-widget-container\">\n\t\t\t\t\t\t\t\t\t<h2>UNSERE POLITIKEN<\/h2>\n<ul>\n<li style=\"text-align: left;\">&#8211; Unsere Stornierungsbedingungen entsprechen den Stornierungsbedingungen der Hotels, so dass wir einen ehrlichen und transparenten Service garantieren.<\/li>\n<\/ul>\n\t\t\t\t\t\t\t\t<\/div>\n\t\t\t\t<\/div>\n\t\t\t\t\t<\/div>\n\t\t\t\t<\/div>\n\t\t\t\t<\/div>\n\t\t","protected":false},"excerpt":{"rendered":"<p>WIE BENUTZEN RABATTCODE F\u00fcr einige Hotels haben wir exklusive Rabattcodes, die Sie nur auf unserer Website finden k\u00f6nnen Website hier. Kopieren Sie den Rabatt Besuchen Sie die Hotelseite und geben Sie w\u00e4hrend des Buchungsvorgangs den Rabattcode ein Sie erhalten automatisch die erm\u00e4\u00dfigten Preise und k\u00f6nnen auf der gleichen Hotel-Website buchen. ANFRAGE SENDEN Wir kennen die Hotels, die wir anbieten, pers\u00f6nlich, haben Zugang zu ihrer vollen Verf\u00fcgbarkeit und k\u00f6nnen alles effizient f\u00fcr Sie organisieren. W\u00e4hlen Sie Ihr gew\u00fcnschtes Hotel aus unserer Hotelauswahl. Klicken Sie auf die Schaltfl\u00e4che &#8220;Anfrage stellen&#8221;. F\u00fcllen Sie das Formular aus und senden Sie Ihre Anfrage ab Pr\u00fcfen Sie Ihren Posteingang auf unsere E-Mail mit Preisen und Verf\u00fcgbarkeit. Wir werden Sie innerhalb der n\u00e4chsten Stunden oder maximal 48 Stunden kontaktieren. UNSERE POLITIKEN &#8211; Unsere Stornierungsbedingungen entsprechen den Stornierungsbedingungen der Hotels, so dass wir einen ehrlichen und transparenten Service garantieren.<\/p>\n","protected":false},"author":1,"featured_media":0,"parent":0,"menu_order":0,"comment_status":"closed","ping_status":"closed","template":"elementor_header_footer","meta":{"_monsterinsights_skip_tracking":false,"_monsterinsights_sitenote_active":false,"_monsterinsights_sitenote_note":"","_monsterinsights_sitenote_category":0,"footnotes":""},"class_list":["post-5677","page","type-page","status-publish","hentry"],"aioseo_notices":[],"_links":{"self":[{"href":"https:\/\/discoversoller.com\/de\/wp-json\/wp\/v2\/pages\/5677","targetHints":{"allow":["GET"]}}],"collection":[{"href":"https:\/\/discoversoller.com\/de\/wp-json\/wp\/v2\/pages"}],"about":[{"href":"https:\/\/discoversoller.com\/de\/wp-json\/wp\/v2\/types\/page"}],"author":[{"embeddable":true,"href":"https:\/\/discoversoller.com\/de\/wp-json\/wp\/v2\/users\/1"}],"replies":[{"embeddable":true,"href":"https:\/\/discoversoller.com\/de\/wp-json\/wp\/v2\/comments?post=5677"}],"version-history":[{"count":1,"href":"https:\/\/discoversoller.com\/de\/wp-json\/wp\/v2\/pages\/5677\/revisions"}],"predecessor-version":[{"id":5679,"href":"https:\/\/discoversoller.com\/de\/wp-json\/wp\/v2\/pages\/5677\/revisions\/5679"}],"wp:attachment":[{"href":"https:\/\/discoversoller.com\/de\/wp-json\/wp\/v2\/media?parent=5677"}],"curies":[{"name":"wp","href":"https:\/\/api.w.org\/{rel}","templated":true}]}}