{"id":5650,"date":"2018-03-08T14:50:02","date_gmt":"2018-03-08T13:50:02","guid":{"rendered":"https:\/\/discoversoller.com\/kontakt\/"},"modified":"2024-12-11T17:15:57","modified_gmt":"2024-12-11T16:15:57","slug":"kontakt","status":"publish","type":"page","link":"https:\/\/discoversoller.com\/de\/kontakt\/","title":{"rendered":"Kontakt"},"content":{"rendered":"\n<p>Dies ist ein Beispiel f\u00fcr eine Kontaktseite mit voller Unterst\u00fctzung f\u00fcr das Contact Form by WPForms WordPress Plugin. Bitte verwenden Sie unsere <a href=\"https:\/\/mekshq.com\/contact\/\" target=\"_blank\" rel=\"noopener noreferrer\">offizielle Kontaktseite<\/a>, wenn Sie Fragen zum Vorverkauf haben. Wir w\u00fcrden uns freuen, von Ihnen zu h\u00f6ren!  <\/p>\n<div class=\"wpforms-container wpforms-container-full wpforms-block wpforms-render-modern\" id=\"wpforms-687\"><form id=\"wpforms-form-687\" class=\"wpforms-validate wpforms-form\" data-formid=\"687\" method=\"post\" enctype=\"multipart\/form-data\" action=\"\/de\/wp-json\/wp\/v2\/pages\/5650\" data-token=\"c1a10cf5b3dcaa7c1660759c684529f1\" data-token-time=\"1778511531\"><noscript class=\"wpforms-error-noscript\">Bitte aktiviere JavaScript in deinem Browser, um dieses Formular fertigzustellen.<\/noscript><div id=\"wpforms-error-noscript\" style=\"display: none;\">Bitte aktiviere JavaScript in deinem Browser, um dieses Formular fertigzustellen.<\/div><div class=\"wpforms-field-container\"><div id=\"wpforms-687-field_0-container\" class=\"wpforms-field wpforms-field-name\" data-field-id=\"0\"><label class=\"wpforms-field-label\" for=\"wpforms-687-field_0\">Your Name <span class=\"wpforms-required-label\" aria-hidden=\"true\">*<\/span><\/label><input type=\"text\" id=\"wpforms-687-field_0\" class=\"wpforms-field-large wpforms-field-required\" name=\"wpforms[fields][0]\" aria-errormessage=\"wpforms-687-field_0-error\" required><\/div><div id=\"wpforms-687-field_1-container\" class=\"wpforms-field wpforms-field-email\" data-field-id=\"1\"><label class=\"wpforms-field-label\" for=\"wpforms-687-field_1\">Your Email <span class=\"wpforms-required-label\" aria-hidden=\"true\">*<\/span><\/label><input type=\"email\" id=\"wpforms-687-field_1\" class=\"wpforms-field-large wpforms-field-required\" name=\"wpforms[fields][1]\" spellcheck=\"false\" aria-errormessage=\"wpforms-687-field_1-error\" required><\/div><div id=\"wpforms-687-field_3-container\" class=\"wpforms-field wpforms-field-text\" data-field-id=\"3\"><label class=\"wpforms-field-label\" for=\"wpforms-687-field_3\">Subject<\/label><input type=\"text\" id=\"wpforms-687-field_3\" class=\"wpforms-field-large\" name=\"wpforms[fields][3]\" aria-errormessage=\"wpforms-687-field_3-error\" ><\/div><div id=\"wpforms-687-field_2-container\" class=\"wpforms-field wpforms-field-textarea\" data-field-id=\"2\"><label class=\"wpforms-field-label\" for=\"wpforms-687-field_2\">Your Message <span class=\"wpforms-required-label\" aria-hidden=\"true\">*<\/span><\/label><textarea id=\"wpforms-687-field_2\" class=\"wpforms-field-medium wpforms-field-required\" name=\"wpforms[fields][2]\" aria-errormessage=\"wpforms-687-field_2-error\" required><\/textarea><\/div><\/div><!-- .wpforms-field-container --><div class=\"wpforms-field wpforms-field-hp\"><label for=\"wpforms-687-field-hp\" class=\"wpforms-field-label\">Name<\/label><input type=\"text\" name=\"wpforms[hp]\" id=\"wpforms-687-field-hp\" class=\"wpforms-field-medium\"><\/div><div class=\"wpforms-submit-container\" ><input type=\"hidden\" name=\"wpforms[id]\" value=\"687\"><input type=\"hidden\" name=\"page_title\" value=\"\"><input type=\"hidden\" name=\"page_url\" value=\"https:\/\/discoversoller.com\/de\/wp-json\/wp\/v2\/pages\/5650\"><input type=\"hidden\" name=\"url_referer\" value=\"\"><button type=\"submit\" name=\"wpforms[submit]\" id=\"wpforms-submit-687\" class=\"wpforms-submit\" data-alt-text=\"Sending...\" data-submit-text=\"Send\" aria-live=\"assertive\" value=\"wpforms-submit\">Send<\/button><\/div><\/form><\/div>  <!-- .wpforms-container -->","protected":false},"excerpt":{"rendered":"<p>Dies ist ein Beispiel f\u00fcr eine Kontaktseite mit voller Unterst\u00fctzung f\u00fcr das Contact Form by WPForms WordPress Plugin. Bitte verwenden Sie unsere offizielle Kontaktseite, wenn Sie Fragen zum Vorverkauf haben. Wir w\u00fcrden uns freuen, von Ihnen zu h\u00f6ren!<\/p>\n","protected":false},"author":1,"featured_media":0,"parent":0,"menu_order":0,"comment_status":"closed","ping_status":"closed","template":"","meta":{"_monsterinsights_skip_tracking":false,"_monsterinsights_sitenote_active":false,"_monsterinsights_sitenote_note":"","_monsterinsights_sitenote_category":0,"footnotes":""},"class_list":["post-5650","page","type-page","status-publish","hentry"],"aioseo_notices":[],"_links":{"self":[{"href":"https:\/\/discoversoller.com\/de\/wp-json\/wp\/v2\/pages\/5650","targetHints":{"allow":["GET"]}}],"collection":[{"href":"https:\/\/discoversoller.com\/de\/wp-json\/wp\/v2\/pages"}],"about":[{"href":"https:\/\/discoversoller.com\/de\/wp-json\/wp\/v2\/types\/page"}],"author":[{"embeddable":true,"href":"https:\/\/discoversoller.com\/de\/wp-json\/wp\/v2\/users\/1"}],"replies":[{"embeddable":true,"href":"https:\/\/discoversoller.com\/de\/wp-json\/wp\/v2\/comments?post=5650"}],"version-history":[{"count":1,"href":"https:\/\/discoversoller.com\/de\/wp-json\/wp\/v2\/pages\/5650\/revisions"}],"predecessor-version":[{"id":5652,"href":"https:\/\/discoversoller.com\/de\/wp-json\/wp\/v2\/pages\/5650\/revisions\/5652"}],"wp:attachment":[{"href":"https:\/\/discoversoller.com\/de\/wp-json\/wp\/v2\/media?parent=5650"}],"curies":[{"name":"wp","href":"https:\/\/api.w.org\/{rel}","templated":true}]}}