{"id":5630,"date":"2024-09-16T11:57:01","date_gmt":"2024-09-16T09:57:01","guid":{"rendered":"https:\/\/discoversoller.com\/ueber-uns\/"},"modified":"2026-01-20T18:29:39","modified_gmt":"2026-01-20T17:29:39","slug":"ueber-uns","status":"publish","type":"page","link":"https:\/\/discoversoller.com\/de\/ueber-uns\/","title":{"rendered":"\u00dcber uns"},"content":{"rendered":"\t\t<div data-elementor-type=\"wp-page\" data-elementor-id=\"5630\" class=\"elementor elementor-5630 elementor-2590\" data-elementor-post-type=\"page\">\n\t\t\t\t<div class=\"elementor-element elementor-element-5214eb0 e-flex e-con-boxed wpr-particle-no wpr-jarallax-no wpr-parallax-no wpr-sticky-section-no wpr-equal-height-no e-con e-parent\" data-id=\"5214eb0\" data-element_type=\"container\" data-e-type=\"container\" data-settings=\"{&quot;background_background&quot;:&quot;classic&quot;}\">\n\t\t\t\t\t<div class=\"e-con-inner\">\n\t\t\t\t<div class=\"elementor-element elementor-element-af9fffc elementor-widget elementor-widget-heading\" data-id=\"af9fffc\" data-element_type=\"widget\" data-e-type=\"widget\" data-settings=\"{&quot;motion_fx_motion_fx_scrolling&quot;:&quot;yes&quot;,&quot;motion_fx_devices&quot;:[&quot;desktop&quot;,&quot;tablet&quot;,&quot;mobile&quot;]}\" data-widget_type=\"heading.default\">\n\t\t\t\t<div class=\"elementor-widget-container\">\n\t\t\t\t\t<h2 class=\"elementor-heading-title elementor-size-default\">SCROLLEN SIE, UM UNS ZU ENTDECKEN<\/h2>\t\t\t\t<\/div>\n\t\t\t\t<\/div>\n\t\t\t\t<div class=\"elementor-element elementor-element-1ae584c elementor-view-default elementor-widget elementor-widget-icon\" data-id=\"1ae584c\" data-element_type=\"widget\" data-e-type=\"widget\" data-settings=\"{&quot;motion_fx_motion_fx_scrolling&quot;:&quot;yes&quot;,&quot;motion_fx_translateY_effect&quot;:&quot;yes&quot;,&quot;motion_fx_translateY_direction&quot;:&quot;negative&quot;,&quot;motion_fx_scale_effect&quot;:&quot;yes&quot;,&quot;motion_fx_scale_direction&quot;:&quot;in-out-in&quot;,&quot;motion_fx_scale_speed&quot;:{&quot;unit&quot;:&quot;px&quot;,&quot;size&quot;:6,&quot;sizes&quot;:[]},&quot;motion_fx_scale_range&quot;:{&quot;unit&quot;:&quot;%&quot;,&quot;size&quot;:&quot;&quot;,&quot;sizes&quot;:{&quot;start&quot;:0,&quot;end&quot;:82}},&quot;motion_fx_translateY_speed&quot;:{&quot;unit&quot;:&quot;px&quot;,&quot;size&quot;:3.6,&quot;sizes&quot;:[]},&quot;motion_fx_translateY_affectedRange&quot;:{&quot;unit&quot;:&quot;%&quot;,&quot;size&quot;:&quot;&quot;,&quot;sizes&quot;:{&quot;start&quot;:19,&quot;end&quot;:100}},&quot;motion_fx_devices&quot;:[&quot;desktop&quot;,&quot;tablet&quot;,&quot;mobile&quot;]}\" data-widget_type=\"icon.default\">\n\t\t\t\t<div class=\"elementor-widget-container\">\n\t\t\t\t\t\t\t<div class=\"elementor-icon-wrapper\">\n\t\t\t<div class=\"elementor-icon\">\n\t\t\t<i aria-hidden=\"true\" class=\"far fa-arrow-alt-circle-down\"><\/i>\t\t\t<\/div>\n\t\t<\/div>\n\t\t\t\t\t\t<\/div>\n\t\t\t\t<\/div>\n\t\t\t\t<div class=\"elementor-element elementor-element-a09d852 elementor-widget elementor-widget-spacer\" data-id=\"a09d852\" data-element_type=\"widget\" data-e-type=\"widget\" data-settings=\"{&quot;motion_fx_motion_fx_scrolling&quot;:&quot;yes&quot;,&quot;motion_fx_devices&quot;:[&quot;desktop&quot;,&quot;tablet&quot;,&quot;mobile&quot;]}\" data-widget_type=\"spacer.default\">\n\t\t\t\t<div class=\"elementor-widget-container\">\n\t\t\t\t\t\t\t<div class=\"elementor-spacer\">\n\t\t\t<div class=\"elementor-spacer-inner\"><\/div>\n\t\t<\/div>\n\t\t\t\t\t\t<\/div>\n\t\t\t\t<\/div>\n\t\t\t\t<div class=\"elementor-element elementor-element-82501be elementor-widget elementor-widget-heading\" data-id=\"82501be\" data-element_type=\"widget\" data-e-type=\"widget\" data-settings=\"{&quot;motion_fx_motion_fx_scrolling&quot;:&quot;yes&quot;,&quot;motion_fx_scale_effect&quot;:&quot;yes&quot;,&quot;motion_fx_scale_direction&quot;:&quot;out-in&quot;,&quot;motion_fx_scale_speed&quot;:{&quot;unit&quot;:&quot;px&quot;,&quot;size&quot;:4,&quot;sizes&quot;:[]},&quot;motion_fx_scale_range&quot;:{&quot;unit&quot;:&quot;%&quot;,&quot;size&quot;:&quot;&quot;,&quot;sizes&quot;:{&quot;start&quot;:20,&quot;end&quot;:80}},&quot;motion_fx_devices&quot;:[&quot;desktop&quot;,&quot;tablet&quot;,&quot;mobile&quot;]}\" data-widget_type=\"heading.default\">\n\t\t\t\t<div class=\"elementor-widget-container\">\n\t\t\t\t\t<h1 class=\"elementor-heading-title elementor-size-default\">KOPF, H\u00c4NDE &amp; HERZ<\/h1>\t\t\t\t<\/div>\n\t\t\t\t<\/div>\n\t\t\t\t\t<\/div>\n\t\t\t\t<\/div>\n\t\t<div class=\"elementor-element elementor-element-be54a04 e-con-full e-flex wpr-particle-no wpr-jarallax-no wpr-parallax-no wpr-sticky-section-no wpr-equal-height-no e-con e-parent\" data-id=\"be54a04\" data-element_type=\"container\" data-e-type=\"container\" data-settings=\"{&quot;background_background&quot;:&quot;classic&quot;}\">\n\t\t<div class=\"elementor-element elementor-element-3c3b1db gallery e-flex e-con-boxed wpr-particle-no wpr-jarallax-no wpr-parallax-no wpr-sticky-section-no wpr-equal-height-no e-con e-child\" data-id=\"3c3b1db\" data-element_type=\"container\" data-e-type=\"container\" data-settings=\"{&quot;background_background&quot;:&quot;classic&quot;}\">\n\t\t\t\t\t<div class=\"e-con-inner\">\n\t\t<div class=\"elementor-element elementor-element-baf1b44 e-con-full left e-flex wpr-particle-no wpr-jarallax-no wpr-parallax-no wpr-sticky-section-no wpr-equal-height-no e-con e-child\" data-id=\"baf1b44\" data-element_type=\"container\" data-e-type=\"container\">\n\t\t<div class=\"elementor-element elementor-element-ee66d56 e-con-full desktopContent e-flex wpr-particle-no wpr-jarallax-no wpr-parallax-no wpr-sticky-section-no wpr-equal-height-no e-con e-child\" data-id=\"ee66d56\" data-element_type=\"container\" data-e-type=\"container\" data-settings=\"{&quot;background_background&quot;:&quot;classic&quot;}\">\n\t\t<div class=\"elementor-element elementor-element-889fc2f e-con-full desktopContentSection e-flex wpr-particle-no wpr-jarallax-no wpr-parallax-no wpr-sticky-section-no wpr-equal-height-no e-con e-child\" data-id=\"889fc2f\" data-element_type=\"container\" data-e-type=\"container\">\n\t\t\t\t<div class=\"elementor-element elementor-element-cd2e8d0 reveal elementor-widget elementor-widget-heading\" data-id=\"cd2e8d0\" data-element_type=\"widget\" data-e-type=\"widget\" data-widget_type=\"heading.default\">\n\t\t\t\t<div class=\"elementor-widget-container\">\n\t\t\t\t\t<h2 class=\"elementor-heading-title elementor-size-default\"><a href=\"http:\/\/W\">Salvador Lorente - Leiter<\/a><\/h2>\t\t\t\t<\/div>\n\t\t\t\t<\/div>\n\t\t\t\t<div class=\"elementor-element elementor-element-66e933a elementor-widget-divider--view-line elementor-widget elementor-widget-divider\" data-id=\"66e933a\" data-element_type=\"widget\" data-e-type=\"widget\" data-widget_type=\"divider.default\">\n\t\t\t\t<div class=\"elementor-widget-container\">\n\t\t\t\t\t\t\t<div class=\"elementor-divider\">\n\t\t\t<span class=\"elementor-divider-separator\">\n\t\t\t\t\t\t<\/span>\n\t\t<\/div>\n\t\t\t\t\t\t<\/div>\n\t\t\t\t<\/div>\n\t\t\t\t<div class=\"elementor-element elementor-element-2c60747 elementor-widget elementor-widget-text-editor\" data-id=\"2c60747\" data-element_type=\"widget\" data-e-type=\"widget\" data-widget_type=\"text-editor.default\">\n\t\t\t\t<div class=\"elementor-widget-container\">\n\t\t\t\t\t\t\t\t\t<p style=\"text-align: center;\"><span style=\"color: #ffffff;\">Mit mehr als 10 Jahren Erfahrung in der Branche und im Umgang mit Kunden mit den h\u00f6chsten Servicestandards hat Salvador Lorente Discover S\u00f3ller gegr\u00fcndet. Es begann wie ein Fl\u00fcstern, eine Idee, die mit jedem Schritt, den ich in diesem Land machte, Gestalt annahm. Mallorca ist nicht irgendein Reiseziel, es ist eine Welt f\u00fcr sich, und ich wollte einen Raum schaffen, in dem dieses Gef\u00fchl vermittelt werden kann. Nicht als Reisef\u00fchrer, sondern als Begleiter auf dieser Reise. Ich bin der Kopf hinter Discover S\u00f3ller und mein Ziel ist es, Ihnen das Gef\u00fchl zu geben, Teil dieses Ortes zu sein, seine geheimsten Ecken und seine tiefsten Geschichten zu entdecken\u201c. <\/span><\/p>\t\t\t\t\t\t\t\t<\/div>\n\t\t\t\t<\/div>\n\t\t\t\t<\/div>\n\t\t<div class=\"elementor-element elementor-element-2d36eba e-con-full desktopContentSection e-flex wpr-particle-no wpr-jarallax-no wpr-parallax-no wpr-sticky-section-no wpr-equal-height-no e-con e-child\" data-id=\"2d36eba\" data-element_type=\"container\" data-e-type=\"container\">\n\t\t\t\t<div class=\"elementor-element elementor-element-e46c7c2 reveal elementor-widget elementor-widget-heading\" data-id=\"e46c7c2\" data-element_type=\"widget\" data-e-type=\"widget\" data-widget_type=\"heading.default\">\n\t\t\t\t<div class=\"elementor-widget-container\">\n\t\t\t\t\t<h2 class=\"elementor-heading-title elementor-size-default\">HERZ<\/h2>\t\t\t\t<\/div>\n\t\t\t\t<\/div>\n\t\t\t\t<div class=\"elementor-element elementor-element-1ba6d3a elementor-widget-divider--view-line elementor-widget elementor-widget-divider\" data-id=\"1ba6d3a\" data-element_type=\"widget\" data-e-type=\"widget\" data-widget_type=\"divider.default\">\n\t\t\t\t<div class=\"elementor-widget-container\">\n\t\t\t\t\t\t\t<div class=\"elementor-divider\">\n\t\t\t<span class=\"elementor-divider-separator\">\n\t\t\t\t\t\t<\/span>\n\t\t<\/div>\n\t\t\t\t\t\t<\/div>\n\t\t\t\t<\/div>\n\t\t\t\t<div class=\"elementor-element elementor-element-4077ad7 elementor-widget elementor-widget-text-editor\" data-id=\"4077ad7\" data-element_type=\"widget\" data-e-type=\"widget\" data-widget_type=\"text-editor.default\">\n\t\t\t\t<div class=\"elementor-widget-container\">\n\t\t\t\t\t\t\t\t\t<h1><span style=\"color: #ffffff;\">Bewohner von Mallorca, Bewohner des Paradieses. Vom Berg. Von dem unbekannten Berg. Von allen Bergen, die noch zu erforschen sind, von fast allen Bergen. Mysteri\u00f6s. Unendlich. Von dem Berg, den wir verachten, den wir vergessen. Vom Meer. Vom Meer aus Salzwasser, aus Salz, aus Plankton und Algen. Von den Gezeiten.         <\/span><\/h1><h1><span style=\"text-decoration: underline;\"><span style=\"color: #ffffff; text-decoration: underline;\">Von dem Berg, der das Meer ist.<\/span><\/span><\/h1>\t\t\t\t\t\t\t\t<\/div>\n\t\t\t\t<\/div>\n\t\t\t\t<\/div>\n\t\t\t\t<\/div>\n\t\t\t\t<\/div>\n\t\t<div class=\"elementor-element elementor-element-febc570 e-con-full e-flex wpr-particle-no wpr-jarallax-no wpr-parallax-no wpr-sticky-section-no wpr-equal-height-no e-con e-child\" data-id=\"febc570\" data-element_type=\"container\" data-e-type=\"container\">\n\t\t<div class=\"elementor-element elementor-element-79258ba e-flex e-con-boxed wpr-particle-no wpr-jarallax-no wpr-parallax-no wpr-sticky-section-no wpr-equal-height-no e-con e-child\" data-id=\"79258ba\" data-element_type=\"container\" data-e-type=\"container\" data-settings=\"{&quot;sticky&quot;:&quot;top&quot;,&quot;sticky_parent&quot;:&quot;yes&quot;,&quot;sticky_on&quot;:[&quot;desktop&quot;,&quot;tablet&quot;,&quot;mobile&quot;],&quot;sticky_offset&quot;:0,&quot;sticky_effects_offset&quot;:0,&quot;sticky_anchor_link_offset&quot;:0}\">\n\t\t\t\t\t<div class=\"e-con-inner\">\n\t\t<div class=\"elementor-element elementor-element-cbfca69 e-con-full desktopPhoto e-flex wpr-particle-no wpr-jarallax-no wpr-parallax-no wpr-sticky-section-no wpr-equal-height-no e-con e-child\" data-id=\"cbfca69\" data-element_type=\"container\" data-e-type=\"container\" data-settings=\"{&quot;sticky&quot;:&quot;top&quot;,&quot;sticky_parent&quot;:&quot;yes&quot;,&quot;sticky_on&quot;:[&quot;desktop&quot;,&quot;tablet&quot;,&quot;mobile&quot;],&quot;sticky_offset&quot;:0,&quot;sticky_effects_offset&quot;:0,&quot;sticky_anchor_link_offset&quot;:0}\">\n\t\t<div class=\"elementor-element elementor-element-1a80522 e-con-full desktopPhoto e-flex wpr-particle-no wpr-jarallax-no wpr-parallax-no wpr-sticky-section-no wpr-equal-height-no e-con e-child\" data-id=\"1a80522\" data-element_type=\"container\" data-e-type=\"container\" data-settings=\"{&quot;background_background&quot;:&quot;classic&quot;,&quot;position&quot;:&quot;absolute&quot;}\">\n\t\t\t\t<\/div>\n\t\t<div class=\"elementor-element elementor-element-1c15b3f e-con-full desktopPhoto e-flex wpr-particle-no wpr-jarallax-no wpr-parallax-no wpr-sticky-section-no wpr-equal-height-no e-con e-child\" data-id=\"1c15b3f\" data-element_type=\"container\" data-e-type=\"container\" data-settings=\"{&quot;background_background&quot;:&quot;classic&quot;,&quot;position&quot;:&quot;absolute&quot;}\">\n\t\t\t\t<\/div>\n\t\t\t\t<\/div>\n\t\t\t\t\t<\/div>\n\t\t\t\t<\/div>\n\t\t\t\t<\/div>\n\t\t\t\t\t<\/div>\n\t\t\t\t<\/div>\n\t\t\t\t<\/div>\n\t\t<div class=\"elementor-element elementor-element-316e491 e-flex e-con-boxed wpr-particle-no wpr-jarallax-no wpr-parallax-no wpr-sticky-section-no wpr-equal-height-no e-con e-parent\" data-id=\"316e491\" data-element_type=\"container\" data-e-type=\"container\" data-settings=\"{&quot;background_background&quot;:&quot;classic&quot;}\">\n\t\t\t\t\t<div class=\"e-con-inner\">\n\t\t\t\t<div class=\"elementor-element elementor-element-cae0b9c elementor-widget elementor-widget-html\" data-id=\"cae0b9c\" data-element_type=\"widget\" data-e-type=\"widget\" data-widget_type=\"html.default\">\n\t\t\t\t<div class=\"elementor-widget-container\">\n\t\t\t\t\t<script src=\"https:\/\/cdnjs.cloudflare.com\/ajax\/libs\/gsap\/3.11.0\/gsap.min.js\"><\/script><script src=\"https:\/\/cdnjs.cloudflare.com\/ajax\/libs\/gsap\/3.11.0\/ScrollTrigger.min.js\"><\/script><script>let mediaAnimation = gsap.matchMedia();\r\nScrollTrigger.defaults({\r\n  markers: false\r\n});\r\n\r\nconst colors = [\"#C0A16B\", \"#C0A16B\", \"#C0A16B\", \"#C0A16B\", \"#C0A16B\"];\r\n\r\nmediaAnimation.add(\"(min-width: 666px)\", () => {\r\n  \/\/ Desktop animations\r\n  const details = gsap.utils.toArray(\".desktopContentSection:not(:first-child)\");\r\n  const photos = gsap.utils.toArray(\".desktopPhoto:not(:first-child)\");\r\n\r\n  gsap.set(photos, { clipPath: 'inset(100% 0% 0% 0%)', autoAlpha: 1 });\r\n\r\n  const allPhotos = gsap.utils.toArray(\".desktopPhoto\");\r\n\r\n  details.forEach((section, i) => {\r\n      let bgColor = colors[i + 1];\r\n      ScrollTrigger.create({\r\n          trigger: section,\r\n          start: \"200 bottom\",\r\n          end: \"+=100%\",\r\n\r\n          onToggle: self => {\r\n              if (self.isActive) {\r\n                  gsap.to(\".gallery\", { backgroundColor: bgColor });\r\n              } else if ((i === 0 && self.direction < 0) || (i === details.length - 1 && self.direction > 0)) {\r\n                  gsap.to(\".gallery\", { backgroundColor: \"#2E4D71\" });\r\n              }\r\n          }\r\n      });\r\n  });\r\n\r\n  details.forEach((detail, index) => {\r\n      let headline = detail.querySelector(\".reveal\");\r\n      let animation = gsap.timeline()\r\n          .to(photos[index], { clipPath: 'inset(0% 0% 0% 0%)', autoAlpha: 1, duration: 1.5 })\r\n          .set(allPhotos[index], { autoAlpha: 1, duration: 1.5 });\r\n\r\n      ScrollTrigger.create({\r\n          trigger: headline,\r\n          start: \"top 120%\",\r\n          end: \"top 60%\",\r\n          animation: animation,\r\n          scrub: true,\r\n          markers: false\r\n      });\r\n  });\r\n});\r\n\r\nmediaAnimation.add(\"(max-width: 665px)\", () => {\r\n  \/\/ Mobile animations\r\n  const details = gsap.utils.toArray(\".desktopContentSection:not(:first-child)\");\r\n\r\n  details.forEach((section, i) => {\r\n      let bgColor = colors[i + 1];\r\n      ScrollTrigger.create({\r\n          trigger: section,\r\n          start: \"200 bottom\",\r\n          end: \"+=100%\",\r\n\r\n          onToggle: self => {\r\n              if (self.isActive) {\r\n                  gsap.to(\".gallery\", { backgroundColor: bgColor });\r\n              } else if ((i === 0 && self.direction < 0) || (i === details.length - 1 && self.direction > 0)) {\r\n                  gsap.to(\".gallery\", { backgroundColor: \"#2E4D71\" });\r\n              }\r\n          }\r\n      });\r\n  });\r\n});\r\n<\/script>\t\t\t\t<\/div>\n\t\t\t\t<\/div>\n\t\t\t\t\t<\/div>\n\t\t\t\t<\/div>\n\t\t<div class=\"elementor-element elementor-element-93ef787 e-con-full e-flex wpr-particle-no wpr-jarallax-no wpr-parallax-no wpr-sticky-section-no wpr-equal-height-no e-con e-parent\" data-id=\"93ef787\" data-element_type=\"container\" data-e-type=\"container\" data-settings=\"{&quot;background_background&quot;:&quot;classic&quot;}\">\n\t\t\t\t<div class=\"elementor-element elementor-element-1804ed2 elementor-widget elementor-widget-heading\" data-id=\"1804ed2\" data-element_type=\"widget\" data-e-type=\"widget\" data-settings=\"{&quot;motion_fx_motion_fx_scrolling&quot;:&quot;yes&quot;,&quot;motion_fx_blur_effect&quot;:&quot;yes&quot;,&quot;motion_fx_blur_direction&quot;:&quot;out-in-out&quot;,&quot;motion_fx_blur_level&quot;:{&quot;unit&quot;:&quot;px&quot;,&quot;size&quot;:13,&quot;sizes&quot;:[]},&quot;motion_fx_blur_range&quot;:{&quot;unit&quot;:&quot;%&quot;,&quot;size&quot;:&quot;&quot;,&quot;sizes&quot;:{&quot;start&quot;:26,&quot;end&quot;:68}},&quot;_animation&quot;:&quot;none&quot;,&quot;motion_fx_devices&quot;:[&quot;desktop&quot;,&quot;tablet&quot;,&quot;mobile&quot;]}\" data-widget_type=\"heading.default\">\n\t\t\t\t<div class=\"elementor-widget-container\">\n\t\t\t\t\t<h2 class=\"elementor-heading-title elementor-size-default\">\u00dcberqueren Sie die Grenze. Seien Sie unser Komplize. <\/h2>\t\t\t\t<\/div>\n\t\t\t\t<\/div>\n\t\t\t\t<\/div>\n\t\t<div class=\"elementor-element elementor-element-a479946 e-flex e-con-boxed wpr-particle-no wpr-jarallax-no wpr-parallax-no wpr-sticky-section-no wpr-equal-height-no e-con e-parent\" data-id=\"a479946\" data-element_type=\"container\" data-e-type=\"container\">\n\t\t\t\t\t<div class=\"e-con-inner\">\n\t\t<div class=\"elementor-element elementor-element-798becc e-con-full e-flex wpr-particle-no wpr-jarallax-no wpr-parallax-no wpr-sticky-section-no wpr-equal-height-no e-con e-child\" data-id=\"798becc\" data-element_type=\"container\" data-e-type=\"container\">\n\t\t\t\t<div class=\"elementor-element elementor-element-b7fef4a elementor-widget elementor-widget-heading\" data-id=\"b7fef4a\" data-element_type=\"widget\" data-e-type=\"widget\" data-widget_type=\"heading.default\">\n\t\t\t\t<div class=\"elementor-widget-container\">\n\t\t\t\t\t<h2 class=\"elementor-heading-title elementor-size-default\">BUCHEN SIE IHREN URLAUB<\/h2>\t\t\t\t<\/div>\n\t\t\t\t<\/div>\n\t\t\t\t<div class=\"elementor-element elementor-element-3ce5295 elementor-widget elementor-widget-image\" data-id=\"3ce5295\" data-element_type=\"widget\" data-e-type=\"widget\" data-widget_type=\"image.default\">\n\t\t\t\t<div class=\"elementor-widget-container\">\n\t\t\t\t\t\t\t\t\t\t\t\t\t\t\t\t<a href=\"https:\/\/discoversoller.com\/de\/angebote\/\">\n\t\t\t\t\t\t\t<img fetchpriority=\"high\" decoding=\"async\" width=\"900\" height=\"506\" src=\"https:\/\/discoversoller.com\/wp-content\/uploads\/2024\/09\/Foto-maleta.jpg\" class=\"attachment-large size-large wp-image-5276\" alt=\"The parking in S\u00f3ller can be a challenge during the season. The Gran Hotel S\u00f3ller has a parking exclusive for our hotel guests.\" srcset=\"https:\/\/discoversoller.com\/wp-content\/uploads\/2024\/09\/Foto-maleta.jpg 900w, https:\/\/discoversoller.com\/wp-content\/uploads\/2024\/09\/Foto-maleta-600x337.jpg 600w, https:\/\/discoversoller.com\/wp-content\/uploads\/2024\/09\/Foto-maleta-300x169.jpg 300w, https:\/\/discoversoller.com\/wp-content\/uploads\/2024\/09\/Foto-maleta-768x432.jpg 768w, https:\/\/discoversoller.com\/wp-content\/uploads\/2024\/09\/Foto-maleta-800x450.jpg 800w, https:\/\/discoversoller.com\/wp-content\/uploads\/2024\/09\/Foto-maleta-585x330.jpg 585w, https:\/\/discoversoller.com\/wp-content\/uploads\/2024\/09\/Foto-maleta-385x217.jpg 385w, https:\/\/discoversoller.com\/wp-content\/uploads\/2024\/09\/Foto-maleta-380x214.jpg 380w, https:\/\/discoversoller.com\/wp-content\/uploads\/2024\/09\/Foto-maleta-247x139.jpg 247w, https:\/\/discoversoller.com\/wp-content\/uploads\/2024\/09\/Foto-maleta-278x157.jpg 278w, https:\/\/discoversoller.com\/wp-content\/uploads\/2024\/09\/Foto-maleta-178x101.jpg 178w\" sizes=\"(max-width: 900px) 100vw, 900px\" \/>\t\t\t\t\t\t\t\t<\/a>\n\t\t\t\t\t\t\t\t\t\t\t\t\t\t\t<\/div>\n\t\t\t\t<\/div>\n\t\t\t\t<\/div>\n\t\t<div class=\"elementor-element elementor-element-5d5ce10 e-con-full e-flex wpr-particle-no wpr-jarallax-no wpr-parallax-no wpr-sticky-section-no wpr-equal-height-no e-con e-child\" data-id=\"5d5ce10\" data-element_type=\"container\" data-e-type=\"container\">\n\t\t\t\t<div class=\"elementor-element elementor-element-841be48 elementor-widget elementor-widget-heading\" data-id=\"841be48\" data-element_type=\"widget\" data-e-type=\"widget\" data-widget_type=\"heading.default\">\n\t\t\t\t<div class=\"elementor-widget-container\">\n\t\t\t\t\t<h2 class=\"elementor-heading-title elementor-size-default\">BUCHEN SIE IHR ERLEBNIS<\/h2>\t\t\t\t<\/div>\n\t\t\t\t<\/div>\n\t\t\t\t<div class=\"elementor-element elementor-element-f74cf3f elementor-widget elementor-widget-image\" data-id=\"f74cf3f\" data-element_type=\"widget\" data-e-type=\"widget\" data-widget_type=\"image.default\">\n\t\t\t\t<div class=\"elementor-widget-container\">\n\t\t\t\t\t\t\t\t\t\t\t\t\t\t\t\t<a href=\"https:\/\/discoversoller.com\/de\/erlebnisse\/\">\n\t\t\t\t\t\t\t<img decoding=\"async\" width=\"850\" height=\"567\" src=\"https:\/\/discoversoller.com\/wp-content\/uploads\/2024\/06\/FOTO-19.jpg\" class=\"attachment-full size-full wp-image-4346\" alt=\"Scenic coastline of Mallorca with turquoise waters and hidden coves.\" srcset=\"https:\/\/discoversoller.com\/wp-content\/uploads\/2024\/06\/FOTO-19.jpg 850w, https:\/\/discoversoller.com\/wp-content\/uploads\/2024\/06\/FOTO-19-600x400.jpg 600w, https:\/\/discoversoller.com\/wp-content\/uploads\/2024\/06\/FOTO-19-300x200.jpg 300w, https:\/\/discoversoller.com\/wp-content\/uploads\/2024\/06\/FOTO-19-768x512.jpg 768w, https:\/\/discoversoller.com\/wp-content\/uploads\/2024\/06\/FOTO-19-800x534.jpg 800w, https:\/\/discoversoller.com\/wp-content\/uploads\/2024\/06\/FOTO-19-227x152.jpg 227w, https:\/\/discoversoller.com\/wp-content\/uploads\/2024\/06\/FOTO-19-143x96.jpg 143w, https:\/\/discoversoller.com\/wp-content\/uploads\/2024\/06\/FOTO-19-585x390.jpg 585w, https:\/\/discoversoller.com\/wp-content\/uploads\/2024\/06\/FOTO-19-385x257.jpg 385w\" sizes=\"(max-width: 850px) 100vw, 850px\" \/>\t\t\t\t\t\t\t\t<\/a>\n\t\t\t\t\t\t\t\t\t\t\t\t\t\t\t<\/div>\n\t\t\t\t<\/div>\n\t\t\t\t<\/div>\n\t\t\t\t\t<\/div>\n\t\t\t\t<\/div>\n\t\t<div class=\"elementor-element elementor-element-5c62afa e-flex e-con-boxed wpr-particle-no wpr-jarallax-no wpr-parallax-no wpr-sticky-section-no wpr-equal-height-no e-con e-parent\" data-id=\"5c62afa\" data-element_type=\"container\" data-e-type=\"container\">\n\t\t\t\t\t<div class=\"e-con-inner\">\n\t\t\t\t<div class=\"elementor-element elementor-element-7724365 elementor-align-center elementor-widget elementor-widget-button\" data-id=\"7724365\" data-element_type=\"widget\" data-e-type=\"widget\" data-widget_type=\"button.default\">\n\t\t\t\t<div class=\"elementor-widget-container\">\n\t\t\t\t\t\t\t\t\t<div class=\"elementor-button-wrapper\">\n\t\t\t\t\t<a class=\"elementor-button elementor-button-link elementor-size-sm\" href=\"https:\/\/discoversoller.com\/de\/kontaktieren-sie-uns\/\">\n\t\t\t\t\t\t<span class=\"elementor-button-content-wrapper\">\n\t\t\t\t\t\t\t\t\t<span class=\"elementor-button-text\">Kontaktieren Sie uns<\/span>\n\t\t\t\t\t<\/span>\n\t\t\t\t\t<\/a>\n\t\t\t\t<\/div>\n\t\t\t\t\t\t\t\t<\/div>\n\t\t\t\t<\/div>\n\t\t\t\t\t<\/div>\n\t\t\t\t<\/div>\n\t\t\t\t<\/div>\n\t\t","protected":false},"excerpt":{"rendered":"<p>SCROLLEN SIE, UM UNS ZU ENTDECKEN KOPF, H\u00c4NDE &amp; HERZ Salvador Lorente &#8211; Leiter Mit mehr als 10 Jahren Erfahrung in der Branche und im Umgang mit Kunden mit den h\u00f6chsten Servicestandards hat Salvador Lorente Discover S\u00f3ller gegr\u00fcndet. Es begann wie ein Fl\u00fcstern, eine Idee, die mit jedem Schritt, den ich in diesem Land machte, Gestalt annahm. Mallorca ist nicht irgendein Reiseziel, es ist eine Welt f\u00fcr sich, und ich wollte einen Raum schaffen, in dem dieses Gef\u00fchl vermittelt werden kann. Nicht als Reisef\u00fchrer, sondern als Begleiter auf dieser Reise. Ich bin der Kopf hinter Discover S\u00f3ller und mein Ziel ist es, Ihnen das Gef\u00fchl zu geben, Teil dieses Ortes zu sein, seine geheimsten Ecken und seine tiefsten Geschichten zu entdecken\u201c. HERZ Bewohner von Mallorca, Bewohner des Paradieses. Vom Berg. Von dem unbekannten Berg. Von allen Bergen, die noch zu erforschen sind, von fast allen Bergen. Mysteri\u00f6s. Unendlich. Von dem Berg, den wir verachten, den wir vergessen. Vom Meer. Vom Meer aus Salzwasser, aus Salz, aus Plankton und Algen. Von den Gezeiten. Von dem Berg, der das Meer ist. \u00dcberqueren Sie die Grenze. Seien Sie unser Komplize. BUCHEN SIE IHREN URLAUB BUCHEN SIE IHR ERLEBNIS Kontaktieren Sie uns<\/p>\n","protected":false},"author":1,"featured_media":5780,"parent":0,"menu_order":0,"comment_status":"closed","ping_status":"closed","template":"elementor_header_footer","meta":{"_monsterinsights_skip_tracking":false,"_monsterinsights_sitenote_active":false,"_monsterinsights_sitenote_note":"","_monsterinsights_sitenote_category":0,"footnotes":""},"class_list":["post-5630","page","type-page","status-publish","has-post-thumbnail","hentry"],"aioseo_notices":[],"_links":{"self":[{"href":"https:\/\/discoversoller.com\/de\/wp-json\/wp\/v2\/pages\/5630","targetHints":{"allow":["GET"]}}],"collection":[{"href":"https:\/\/discoversoller.com\/de\/wp-json\/wp\/v2\/pages"}],"about":[{"href":"https:\/\/discoversoller.com\/de\/wp-json\/wp\/v2\/types\/page"}],"author":[{"embeddable":true,"href":"https:\/\/discoversoller.com\/de\/wp-json\/wp\/v2\/users\/1"}],"replies":[{"embeddable":true,"href":"https:\/\/discoversoller.com\/de\/wp-json\/wp\/v2\/comments?post=5630"}],"version-history":[{"count":8,"href":"https:\/\/discoversoller.com\/de\/wp-json\/wp\/v2\/pages\/5630\/revisions"}],"predecessor-version":[{"id":16201,"href":"https:\/\/discoversoller.com\/de\/wp-json\/wp\/v2\/pages\/5630\/revisions\/16201"}],"wp:featuredmedia":[{"embeddable":true,"href":"https:\/\/discoversoller.com\/de\/wp-json\/wp\/v2\/media\/5780"}],"wp:attachment":[{"href":"https:\/\/discoversoller.com\/de\/wp-json\/wp\/v2\/media?parent=5630"}],"curies":[{"name":"wp","href":"https:\/\/api.w.org\/{rel}","templated":true}]}}